{"id":1002,"date":"2022-01-25T16:12:40","date_gmt":"2022-01-25T19:12:40","guid":{"rendered":"http:\/\/www.locacaodemaquinas.com.br\/site\/?post_type=product&#038;p=1002"},"modified":"2023-01-19T15:31:20","modified_gmt":"2023-01-19T18:31:20","slug":"pulverizador-sg-71-stihl","status":"publish","type":"product","link":"http:\/\/www.locacaodemaquinas.com.br\/site\/loja\/principais-marcas\/marca-stihl\/pulverizador-sg-71-stihl\/","title":{"rendered":"Pulverizador SG 71 &#8211; STIHL"},"content":{"rendered":"<p>Obs: Sob os termos da marca STIHL, n\u00e3o estamos autorizados a vend\u00ea-los pela internet, mas voc\u00ea pode visitar as nossas lojas f\u00edsicas. O intuito \u00e9 apenas informativo.<\/p>\n","protected":false},"excerpt":{"rendered":"<div class=\"tabs\">\n<p>Leve, confort\u00e1vel e eficiente, o <b>pulverizador costal STIHL SG 71\u00a0<\/b>\u00e9 de f\u00e1cil manuseio e proporciona grande liberdade de movimentos. \u00c9 ideal para aplica\u00e7\u00e3o de fitossanit\u00e1rios e fertilizantes l\u00edquidos em viveiros, planta\u00e7\u00f5es e jardins. Possui cabo adapt\u00e1vel para utiliza\u00e7\u00e3o em ambos os lados, al\u00e7as confort\u00e1veis com ajuste, tampa do recipiente com copos dosadores e recipiente transl\u00facido com suporte para armazenamento da lan\u00e7a r\u00edgida.<\/p>\n<p>Fonte: STIHL<\/p>\n<\/div>\n","protected":false},"featured_media":1006,"comment_status":"open","ping_status":"closed","template":"","meta":[],"product_cat":[343,45,518],"product_tag":[370,369,364],"acf":[],"_links":{"self":[{"href":"http:\/\/www.locacaodemaquinas.com.br\/site\/wp-json\/wp\/v2\/product\/1002"}],"collection":[{"href":"http:\/\/www.locacaodemaquinas.com.br\/site\/wp-json\/wp\/v2\/product"}],"about":[{"href":"http:\/\/www.locacaodemaquinas.com.br\/site\/wp-json\/wp\/v2\/types\/product"}],"replies":[{"embeddable":true,"href":"http:\/\/www.locacaodemaquinas.com.br\/site\/wp-json\/wp\/v2\/comments?post=1002"}],"wp:featuredmedia":[{"embeddable":true,"href":"http:\/\/www.locacaodemaquinas.com.br\/site\/wp-json\/wp\/v2\/media\/1006"}],"wp:attachment":[{"href":"http:\/\/www.locacaodemaquinas.com.br\/site\/wp-json\/wp\/v2\/media?parent=1002"}],"wp:term":[{"taxonomy":"product_cat","embeddable":true,"href":"http:\/\/www.locacaodemaquinas.com.br\/site\/wp-json\/wp\/v2\/product_cat?post=1002"},{"taxonomy":"product_tag","embeddable":true,"href":"http:\/\/www.locacaodemaquinas.com.br\/site\/wp-json\/wp\/v2\/product_tag?post=1002"}],"curies":[{"name":"wp","href":"https:\/\/api.w.org\/{rel}","templated":true}]}}