{"id":1007,"date":"2022-01-25T17:23:23","date_gmt":"2022-01-25T20:23:23","guid":{"rendered":"http:\/\/www.locacaodemaquinas.com.br\/site\/?post_type=product&#038;p=1007"},"modified":"2022-01-25T17:23:23","modified_gmt":"2022-01-25T20:23:23","slug":"lavadora-de-alta-pressao-hd-10-25-trifasico-karcher","status":"publish","type":"product","link":"http:\/\/www.locacaodemaquinas.com.br\/site\/loja\/locacao\/limpeza\/lavadora-alta-pressao\/lavadora-de-alta-pressao-hd-10-25-trifasico-karcher\/","title":{"rendered":"Lavadora de Alta Press\u00e3o HD 10\/25 Trif\u00e1sico &#8211; Karcher"},"content":{"rendered":"","protected":false},"excerpt":{"rendered":"<p>A lavadora de alta press\u00e3o profissional K\u00e4rcher modelo HD 10\/25 4 Cage disp\u00f5es de uma vaz\u00e3o de 1000 l\/h e press\u00e3o de at\u00e9 250 bar. Apresenta bomba de virabrequim, cabe\u00e7otes e bielas de lat\u00e3o e pist\u00f5es de cer\u00e2mica de alta performance dimensionada para uso di\u00e1rio e continuo, com alto rendimento, resist\u00eancia e baixo desgaste. Sistema servopress de regulagem da press\u00e3o da \u00e1gua direto no gatilho. Com visor frontal de n\u00edvel e qualidade de \u00f3leo. Sistema de suc\u00e7\u00e3o com baixa perda e conjunto de veda\u00e7\u00f5es de alta performance. V\u00e1lvula Multifuncional: integra by pass, Stop Total, suc\u00e7\u00e3o de detergente, regulagem de press\u00e3o e vaz\u00e3o em um \u00fanico componente.<\/p>\n<p>Fonte: Karcher<\/p>\n","protected":false},"featured_media":1008,"comment_status":"open","ping_status":"closed","template":"","meta":[],"product_cat":[209],"product_tag":[421,363,422],"acf":[],"_links":{"self":[{"href":"http:\/\/www.locacaodemaquinas.com.br\/site\/wp-json\/wp\/v2\/product\/1007"}],"collection":[{"href":"http:\/\/www.locacaodemaquinas.com.br\/site\/wp-json\/wp\/v2\/product"}],"about":[{"href":"http:\/\/www.locacaodemaquinas.com.br\/site\/wp-json\/wp\/v2\/types\/product"}],"replies":[{"embeddable":true,"href":"http:\/\/www.locacaodemaquinas.com.br\/site\/wp-json\/wp\/v2\/comments?post=1007"}],"wp:featuredmedia":[{"embeddable":true,"href":"http:\/\/www.locacaodemaquinas.com.br\/site\/wp-json\/wp\/v2\/media\/1008"}],"wp:attachment":[{"href":"http:\/\/www.locacaodemaquinas.com.br\/site\/wp-json\/wp\/v2\/media?parent=1007"}],"wp:term":[{"taxonomy":"product_cat","embeddable":true,"href":"http:\/\/www.locacaodemaquinas.com.br\/site\/wp-json\/wp\/v2\/product_cat?post=1007"},{"taxonomy":"product_tag","embeddable":true,"href":"http:\/\/www.locacaodemaquinas.com.br\/site\/wp-json\/wp\/v2\/product_tag?post=1007"}],"curies":[{"name":"wp","href":"https:\/\/api.w.org\/{rel}","templated":true}]}}