{"id":1030,"date":"2022-06-18T10:09:05","date_gmt":"2022-06-18T13:09:05","guid":{"rendered":"http:\/\/www.locacaodemaquinas.com.br\/site\/?post_type=product&#038;p=1030"},"modified":"2022-06-18T10:09:05","modified_gmt":"2022-06-18T13:09:05","slug":"duto-condutor-de-entulho-com-boca","status":"publish","type":"product","link":"http:\/\/www.locacaodemaquinas.com.br\/site\/loja\/locacao\/limpeza\/duto-condutor-entulho\/duto-condutor-de-entulho-com-boca\/","title":{"rendered":"Duto Condutor de Entulho com Boca"},"content":{"rendered":"<p><strong>DUTOS ou CONDUTORES de ENTULHO:<\/strong><\/p>\n<p>N\u00e3o \u00e9 s\u00f3 garantir a seguran\u00e7a na constru\u00e7\u00e3o com equipamentos como os Condutores de Entulho. O tratamento e o despejo adequado dos res\u00edduos resultantes das obras tamb\u00e9m s\u00e3o quest\u00f5es fundamentais aos respons\u00e1veis pelas mesmas. O descarte inadequado de materiais pode n\u00e3o s\u00f3 prejudicar o meio ambiente, como tamb\u00e9m atrapalhar a vida de muitas pessoas.<\/p>\n<p>Para disciplinar sobre estas e outras quest\u00f5es relacionadas \u00e0s condi\u00e7\u00f5es e meio ambiente de trabalho na Ind\u00fastria da Constru\u00e7\u00e3o foi criada a NR 18, norma de refer\u00eancia para a RotomixBrasil, atrav\u00e9s da linha ROTOFORTE, que conta com uma gama exclusiva de produtos rotomoldados para esta \u00e1rea.<\/p>\n<p>Al\u00e9m disso, deixar o entulho em \u201cqualquer lugar\u201d, como em \u00e1reas p\u00fablicas e terrenos particulares, pode gerar multas e a\u00e7\u00f5es judiciais contra os culpados. Movimentar e direcionar materiais e res\u00edduos s\u00e3o atividades corriqueiras no dia a dia de quem trabalha na constru\u00e7\u00e3o.<\/p>\n","protected":false},"excerpt":{"rendered":"<p>O Duto de entulho ROTOMIX BRASIL substitui o uso de outros equipamentos no escoamento de res\u00edduos da constru\u00e7\u00e3o civil e gera muito mais economia na obra.<\/p>\n<p>S\u00e3o produzidos pelo processo de rotomoldagem, o que garante maior resist\u00eancia e maior tempo de reutiliza\u00e7\u00e3o.<\/p>\n<p>Fonte: Rotomix.<\/p>\n<p>&nbsp;<\/p>\n<p>Esse modelo possui uma abertura para colocar os res\u00edduos.<\/p>\n","protected":false},"featured_media":1058,"comment_status":"open","ping_status":"closed","template":"","meta":[],"product_cat":[44,204,207],"product_tag":[377,313],"acf":[],"_links":{"self":[{"href":"http:\/\/www.locacaodemaquinas.com.br\/site\/wp-json\/wp\/v2\/product\/1030"}],"collection":[{"href":"http:\/\/www.locacaodemaquinas.com.br\/site\/wp-json\/wp\/v2\/product"}],"about":[{"href":"http:\/\/www.locacaodemaquinas.com.br\/site\/wp-json\/wp\/v2\/types\/product"}],"replies":[{"embeddable":true,"href":"http:\/\/www.locacaodemaquinas.com.br\/site\/wp-json\/wp\/v2\/comments?post=1030"}],"wp:featuredmedia":[{"embeddable":true,"href":"http:\/\/www.locacaodemaquinas.com.br\/site\/wp-json\/wp\/v2\/media\/1058"}],"wp:attachment":[{"href":"http:\/\/www.locacaodemaquinas.com.br\/site\/wp-json\/wp\/v2\/media?parent=1030"}],"wp:term":[{"taxonomy":"product_cat","embeddable":true,"href":"http:\/\/www.locacaodemaquinas.com.br\/site\/wp-json\/wp\/v2\/product_cat?post=1030"},{"taxonomy":"product_tag","embeddable":true,"href":"http:\/\/www.locacaodemaquinas.com.br\/site\/wp-json\/wp\/v2\/product_tag?post=1030"}],"curies":[{"name":"wp","href":"https:\/\/api.w.org\/{rel}","templated":true}]}}