{"id":1034,"date":"2023-02-01T10:07:44","date_gmt":"2023-02-01T13:07:44","guid":{"rendered":"http:\/\/www.locacaodemaquinas.com.br\/site\/?post_type=product&#038;p=1034"},"modified":"2023-02-01T10:07:44","modified_gmt":"2023-02-01T13:07:44","slug":"extratora-de-po-e-liquido-lavaclean-127-v-ipc","status":"publish","type":"product","link":"http:\/\/www.locacaodemaquinas.com.br\/site\/loja\/venda\/limpeza-compras\/extratora-de-po-e-liquido-lavaclean-127-v-ipc\/","title":{"rendered":"Extratora de P\u00f3 e L\u00edquido LAVACLEAN &#8211; 127 V &#8211; IPC"},"content":{"rendered":"<p>Extratora profissional compacta<\/p>\n<p>Indica\u00e7\u00f5es de uso:<\/p>\n<ul>\n<li>Aspira\u00e7\u00e3o de p\u00f3 e \u00e1gua<\/li>\n<li>Lavagem de carpetes, estofados e pisos frios<\/li>\n<li>Tamb\u00e9m para uso residencial<\/li>\n<\/ul>\n<p>&nbsp;<\/p>\n<p>Inova\u00e7\u00f5es:<\/p>\n<ul>\n<li>Ap Tube: tubo alum\u00ednio e pl\u00e1stico<\/li>\n<li>Black is green: uso de pl\u00e1stico recicl\u00e1vel<\/li>\n<li>Sanifilter: filtro com tratamento antibacteriano<\/li>\n<\/ul>\n<p>&nbsp;<\/p>\n<p>Diferenciais:<\/p>\n<ul>\n<li>tanque de \u00e1gua limpa para 3L<\/li>\n<li>f\u00e1cil de guardar e transportar<\/li>\n<\/ul>\n","protected":false},"excerpt":{"rendered":"<p>Limpeza multifuncional \u00e9 com a Lavaclean.<\/p>\n<p>A extratora\u00a0feita para quem precisa de resultados de profissional. Compacta, pr\u00e1tica de usar, resistente e eficiente. Tamb\u00e9m pode ser utilizada para aspirar s\u00f3lidos, l\u00edquidos e limpeza de pisos frios.<\/p>\n<p>Esta \u00e9 a Lavaclean, a op\u00e7\u00e3o ideal para quem quer fazer limpeza profunda com qualidade e ganhando\u00a0tempo na limpeza.<\/p>\n<p>Aspire e lave como profissional com a qualidade IPC, especialista em aspiradores e extratoras no Brasil.<\/p>\n<p>Fonte: IPC<\/p>\n","protected":false},"featured_media":1050,"comment_status":"open","ping_status":"closed","template":"","meta":[],"product_cat":[519],"product_tag":[382,313,316,315],"acf":[],"_links":{"self":[{"href":"http:\/\/www.locacaodemaquinas.com.br\/site\/wp-json\/wp\/v2\/product\/1034"}],"collection":[{"href":"http:\/\/www.locacaodemaquinas.com.br\/site\/wp-json\/wp\/v2\/product"}],"about":[{"href":"http:\/\/www.locacaodemaquinas.com.br\/site\/wp-json\/wp\/v2\/types\/product"}],"replies":[{"embeddable":true,"href":"http:\/\/www.locacaodemaquinas.com.br\/site\/wp-json\/wp\/v2\/comments?post=1034"}],"wp:featuredmedia":[{"embeddable":true,"href":"http:\/\/www.locacaodemaquinas.com.br\/site\/wp-json\/wp\/v2\/media\/1050"}],"wp:attachment":[{"href":"http:\/\/www.locacaodemaquinas.com.br\/site\/wp-json\/wp\/v2\/media?parent=1034"}],"wp:term":[{"taxonomy":"product_cat","embeddable":true,"href":"http:\/\/www.locacaodemaquinas.com.br\/site\/wp-json\/wp\/v2\/product_cat?post=1034"},{"taxonomy":"product_tag","embeddable":true,"href":"http:\/\/www.locacaodemaquinas.com.br\/site\/wp-json\/wp\/v2\/product_tag?post=1034"}],"curies":[{"name":"wp","href":"https:\/\/api.w.org\/{rel}","templated":true}]}}