{"id":1062,"date":"2022-06-18T09:06:17","date_gmt":"2022-06-18T12:06:17","guid":{"rendered":"http:\/\/www.locacaodemaquinas.com.br\/site\/?post_type=product&#038;p=1062"},"modified":"2023-02-17T10:39:49","modified_gmt":"2023-02-17T13:39:49","slug":"compressor-de-ar-direto-g3-chiaperini","status":"publish","type":"product","link":"http:\/\/www.locacaodemaquinas.com.br\/site\/loja\/locacao\/pintura\/compressor-ar\/compressor-de-ar-direto-g3-chiaperini\/","title":{"rendered":"Compressor de Ar Direto G3 &#8211; CHIAPERINI"},"content":{"rendered":"<h2>Motocompressor Ar Direto G3<\/h2>\n<p>O Motocompressor Ar Direto G3 conta com sistema de trabalho por membrana, isento de \u00f3leo, motor monof\u00e1sico BIVOLT com chave seletora de tens\u00e3o 127\/230V, v\u00e1lvula de seguran\u00e7a e filtro de ar.<\/p>\n<p><strong>Kit de acess\u00f3rios:<\/strong><\/p>\n<ul>\n<li>Pistola de pintura ar direto<\/li>\n<li>Mangueira espiral com 5m<\/li>\n<li>Bico de ar<\/li>\n<\/ul>\n<p>&nbsp;<\/p>\n","protected":false},"excerpt":{"rendered":"<p>Torne o seu dia-a-dia ainda mais pr\u00e1tico com o Motocompressor Ar Direto G3. Por ser leve, port\u00e1til, seguro e de f\u00e1cil utiliza\u00e7\u00e3o, ele ir\u00e1 atender \u00e0s suas necessidades de forma r\u00e1pida e eficiente nos servi\u00e7os dom\u00e9stico como: Pintar \u2013 Envernizar \u2013 Encher \u2013 Calibrar \u2013 Pulverizar \u2013 Secar<\/p>\n","protected":false},"featured_media":1079,"comment_status":"open","ping_status":"closed","template":"","meta":[],"product_cat":[44,210,211],"product_tag":[394,590,383],"acf":[],"_links":{"self":[{"href":"http:\/\/www.locacaodemaquinas.com.br\/site\/wp-json\/wp\/v2\/product\/1062"}],"collection":[{"href":"http:\/\/www.locacaodemaquinas.com.br\/site\/wp-json\/wp\/v2\/product"}],"about":[{"href":"http:\/\/www.locacaodemaquinas.com.br\/site\/wp-json\/wp\/v2\/types\/product"}],"replies":[{"embeddable":true,"href":"http:\/\/www.locacaodemaquinas.com.br\/site\/wp-json\/wp\/v2\/comments?post=1062"}],"wp:featuredmedia":[{"embeddable":true,"href":"http:\/\/www.locacaodemaquinas.com.br\/site\/wp-json\/wp\/v2\/media\/1079"}],"wp:attachment":[{"href":"http:\/\/www.locacaodemaquinas.com.br\/site\/wp-json\/wp\/v2\/media?parent=1062"}],"wp:term":[{"taxonomy":"product_cat","embeddable":true,"href":"http:\/\/www.locacaodemaquinas.com.br\/site\/wp-json\/wp\/v2\/product_cat?post=1062"},{"taxonomy":"product_tag","embeddable":true,"href":"http:\/\/www.locacaodemaquinas.com.br\/site\/wp-json\/wp\/v2\/product_tag?post=1062"}],"curies":[{"name":"wp","href":"https:\/\/api.w.org\/{rel}","templated":true}]}}