{"id":1067,"date":"2022-06-17T18:00:27","date_gmt":"2022-06-17T21:00:27","guid":{"rendered":"http:\/\/www.locacaodemaquinas.com.br\/site\/?post_type=product&#038;p=1067"},"modified":"2022-06-17T18:00:27","modified_gmt":"2022-06-17T21:00:27","slug":"compressor-de-pintura-airless-mma-2800-menegotti","status":"publish","type":"product","link":"http:\/\/www.locacaodemaquinas.com.br\/site\/loja\/locacao\/pintura\/compressor-pintura\/compressor-de-pintura-airless-mma-2800-menegotti\/","title":{"rendered":"Compressor de Pintura Airless MMa 2800 MENEGOTTI"},"content":{"rendered":"<p><strong>Mais agilidade e produtividade<\/strong><\/p>\n<ul>\n<li>Sistema de spray de alta press\u00e3o atrav\u00e9s de bomba de pist\u00e3o<\/li>\n<li>Regulagem de press\u00e3o atrav\u00e9s de potenci\u00f4metro<\/li>\n<li>sistema de controle e leitura de press\u00e3o digital<\/li>\n<li>Possui dois pontos para conex\u00e3o de duas pistolas a mesmo tempo<\/li>\n<li>Sistema de suc\u00e7\u00e3o e retorno com mangueiras robustas de alta press\u00e3o<\/li>\n<li>Sistema de indicadores luminosos de opera\u00e7\u00e3o, que indicam a opera\u00e7\u00e3o correta de acordo com a viscosidade do material a ser projetado<\/li>\n<li>Transdutor de press\u00e3o para manter a estabilidade do equipamento.<\/li>\n<\/ul>\n","protected":false},"excerpt":{"rendered":"<p>Equipamento de proje\u00e7\u00e3o de tintas para pintura de paredes, telhados, pisos, cercas, m\u00f3veis, muros, pr\u00e9dios, etc.<\/p>\n<p>Utilizado para aumentar a produtividade em obras, com excelente rendimento e acabamento.<\/p>\n","protected":false},"featured_media":1080,"comment_status":"open","ping_status":"closed","template":"","meta":[],"product_cat":[44,210,212],"product_tag":[42,386,393,392],"acf":[],"_links":{"self":[{"href":"http:\/\/www.locacaodemaquinas.com.br\/site\/wp-json\/wp\/v2\/product\/1067"}],"collection":[{"href":"http:\/\/www.locacaodemaquinas.com.br\/site\/wp-json\/wp\/v2\/product"}],"about":[{"href":"http:\/\/www.locacaodemaquinas.com.br\/site\/wp-json\/wp\/v2\/types\/product"}],"replies":[{"embeddable":true,"href":"http:\/\/www.locacaodemaquinas.com.br\/site\/wp-json\/wp\/v2\/comments?post=1067"}],"wp:featuredmedia":[{"embeddable":true,"href":"http:\/\/www.locacaodemaquinas.com.br\/site\/wp-json\/wp\/v2\/media\/1080"}],"wp:attachment":[{"href":"http:\/\/www.locacaodemaquinas.com.br\/site\/wp-json\/wp\/v2\/media?parent=1067"}],"wp:term":[{"taxonomy":"product_cat","embeddable":true,"href":"http:\/\/www.locacaodemaquinas.com.br\/site\/wp-json\/wp\/v2\/product_cat?post=1067"},{"taxonomy":"product_tag","embeddable":true,"href":"http:\/\/www.locacaodemaquinas.com.br\/site\/wp-json\/wp\/v2\/product_tag?post=1067"}],"curies":[{"name":"wp","href":"https:\/\/api.w.org\/{rel}","templated":true}]}}