{"id":1071,"date":"2022-06-17T18:00:19","date_gmt":"2022-06-17T21:00:19","guid":{"rendered":"http:\/\/www.locacaodemaquinas.com.br\/site\/?post_type=product&#038;p=1071"},"modified":"2022-06-17T18:00:19","modified_gmt":"2022-06-17T21:00:19","slug":"pistola-de-pintura-alta-pressao-jga600-devilbiss","status":"publish","type":"product","link":"http:\/\/www.locacaodemaquinas.com.br\/site\/loja\/locacao\/pintura\/pistola-pintura\/pistola-de-pintura-alta-pressao-jga600-devilbiss\/","title":{"rendered":"Pistola de Pintura Alta Press\u00e3o JGA600 DEVILBISS"},"content":{"rendered":"<h2>Sobre a linha JGA<\/h2>\n<p>As JGA\u00a0s\u00e3o pistolas de pintura de alta produ\u00e7\u00e3o ideais para aplica\u00e7\u00e3o de materiais para revestimentos e acabamentos, proporcionando excelente qualidade da pintura.<\/p>\n<p>Com diversas combina\u00e7\u00f5es de bicos e capas de ar,\u00a0as JGA\u00a0apresentam diferentes tecnologias de aplica\u00e7\u00e3o e alimenta\u00e7\u00e3o de tinta.<\/p>\n<p>Elas s\u00e3o utilizadas para aplica\u00e7\u00e3o de diversos tipos de materiais.<\/p>\n<h3>Suas caracter\u00edsticas b\u00e1sicas s\u00e3o:<\/h3>\n<ul>\n<li>Corpo forjado en alum\u00ednio de alta qualidade<\/li>\n<li>Alta produtividade<\/li>\n<li>Controles precisos de ar e flu\u00eddo<\/li>\n<\/ul>\n","protected":false},"excerpt":{"rendered":"<p>A JGA 600 \u00e9 uma pistola para pintura convencional alimentada por suc\u00e7\u00e3o com excelente durabilidade, versatilidade e qualidade de aplica\u00e7\u00e3o reconhecida pelo mercado h\u00e1 mais de 50 anos.<\/p>\n","protected":false},"featured_media":1083,"comment_status":"open","ping_status":"closed","template":"","meta":[],"product_cat":[44,210,213],"product_tag":[390,385],"acf":[],"_links":{"self":[{"href":"http:\/\/www.locacaodemaquinas.com.br\/site\/wp-json\/wp\/v2\/product\/1071"}],"collection":[{"href":"http:\/\/www.locacaodemaquinas.com.br\/site\/wp-json\/wp\/v2\/product"}],"about":[{"href":"http:\/\/www.locacaodemaquinas.com.br\/site\/wp-json\/wp\/v2\/types\/product"}],"replies":[{"embeddable":true,"href":"http:\/\/www.locacaodemaquinas.com.br\/site\/wp-json\/wp\/v2\/comments?post=1071"}],"wp:featuredmedia":[{"embeddable":true,"href":"http:\/\/www.locacaodemaquinas.com.br\/site\/wp-json\/wp\/v2\/media\/1083"}],"wp:attachment":[{"href":"http:\/\/www.locacaodemaquinas.com.br\/site\/wp-json\/wp\/v2\/media?parent=1071"}],"wp:term":[{"taxonomy":"product_cat","embeddable":true,"href":"http:\/\/www.locacaodemaquinas.com.br\/site\/wp-json\/wp\/v2\/product_cat?post=1071"},{"taxonomy":"product_tag","embeddable":true,"href":"http:\/\/www.locacaodemaquinas.com.br\/site\/wp-json\/wp\/v2\/product_tag?post=1071"}],"curies":[{"name":"wp","href":"https:\/\/api.w.org\/{rel}","templated":true}]}}