{"id":1091,"date":"2022-01-08T10:37:43","date_gmt":"2022-01-08T13:37:43","guid":{"rendered":"http:\/\/www.locacaodemaquinas.com.br\/site\/?post_type=product&#038;p=1091"},"modified":"2025-03-12T15:27:48","modified_gmt":"2025-03-12T18:27:48","slug":"cortadora-de-piso-gasolina-13-hp-fs-400-lv-husqvarna","status":"publish","type":"product","link":"http:\/\/www.locacaodemaquinas.com.br\/site\/loja\/locacao\/piso\/cortadora-piso\/cortadora-de-piso-gasolina-13-hp-fs-400-lv-husqvarna\/","title":{"rendered":"Cortadora de Piso &#8211; Gasolina"},"content":{"rendered":"","protected":false},"excerpt":{"rendered":"<p>A cortadora de pavimentos FS 400 LV movida a gasolina de m\u00faltiplas fun\u00e7\u00f5es \u00e9 uma m\u00e1quina robusta e pr\u00e1tica.<\/p>\n<p>O punho ajust\u00e1vel garante uma posi\u00e7\u00e3o de trabalho confort\u00e1vel.<\/p>\n<p>A distribui\u00e7\u00e3o perfeita do peso permite uma estabilidade excelente durante o corte.<\/p>\n<p>A escolha ideal para opera\u00e7\u00f5es de repara\u00e7\u00e3o de menor porte em concreto ou asfalto, com profundidades de corte de at\u00e9 162 mm.<\/p>\n","protected":false},"featured_media":1107,"comment_status":"open","ping_status":"closed","template":"","meta":[],"product_cat":[216],"product_tag":[402,266,403,397],"acf":[],"_links":{"self":[{"href":"http:\/\/www.locacaodemaquinas.com.br\/site\/wp-json\/wp\/v2\/product\/1091"}],"collection":[{"href":"http:\/\/www.locacaodemaquinas.com.br\/site\/wp-json\/wp\/v2\/product"}],"about":[{"href":"http:\/\/www.locacaodemaquinas.com.br\/site\/wp-json\/wp\/v2\/types\/product"}],"replies":[{"embeddable":true,"href":"http:\/\/www.locacaodemaquinas.com.br\/site\/wp-json\/wp\/v2\/comments?post=1091"}],"wp:featuredmedia":[{"embeddable":true,"href":"http:\/\/www.locacaodemaquinas.com.br\/site\/wp-json\/wp\/v2\/media\/1107"}],"wp:attachment":[{"href":"http:\/\/www.locacaodemaquinas.com.br\/site\/wp-json\/wp\/v2\/media?parent=1091"}],"wp:term":[{"taxonomy":"product_cat","embeddable":true,"href":"http:\/\/www.locacaodemaquinas.com.br\/site\/wp-json\/wp\/v2\/product_cat?post=1091"},{"taxonomy":"product_tag","embeddable":true,"href":"http:\/\/www.locacaodemaquinas.com.br\/site\/wp-json\/wp\/v2\/product_tag?post=1091"}],"curies":[{"name":"wp","href":"https:\/\/api.w.org\/{rel}","templated":true}]}}