{"id":1168,"date":"2022-06-18T09:08:02","date_gmt":"2022-06-18T12:08:02","guid":{"rendered":"http:\/\/www.locacaodemaquinas.com.br\/site\/?post_type=product&#038;p=1168"},"modified":"2022-07-06T15:49:43","modified_gmt":"2022-07-06T18:49:43","slug":"retificador-de-solda-402-dc-trifasica-220-380-440-esab","status":"publish","type":"product","link":"http:\/\/www.locacaodemaquinas.com.br\/site\/loja\/ferramenta-eletrica-2\/retificadeira\/retificador-de-solda-402-dc-trifasica-220-380-440-esab\/","title":{"rendered":"Retificador de Solda 402 DC &#8211; Trif\u00e1sica 220\/380\/440 &#8211; Esab"},"content":{"rendered":"","protected":false},"excerpt":{"rendered":"<p>O retificador SUPER BANTAM 402 DC \u00e9 uma fonte de energia com caracter\u00edstica de corrente constante destinada \u00e0 soldagem com eletrodos revestidos em corrente cont\u00ednua.<br \/>\nSUPER BANTAM 402 DC permite a soldagem com eletrodos at\u00e9 6,0 mm de di\u00e2metro.<\/p>\n<p>Al\u00e9m da soldagem de a\u00e7o carbono e a\u00e7o ligado permite soldar a\u00e7os inoxid\u00e1veis, ferros fundidos, alum\u00ednio e suas ligas, cobre e bronze.<br \/>\nA corrente de soldagem \u00e9 ajustada de forma cont\u00ednua por meio de manivela, para qualquer aplica\u00e7\u00e3o dentro da faixa de utiliza\u00e7\u00e3o.<br \/>\nA ventila\u00e7\u00e3o for\u00e7ada garante a refrigera\u00e7\u00e3o eficiente do retificador.<br \/>\nO gabinete dos retificadores SUPER BANTAM 402 DC \u00e9 robusto e f\u00e1cil de ser movimentado pelo local de trabalho uma vez que possui rodas, al\u00e7a e olhal de levantamento.<\/p>\n","protected":false},"featured_media":1181,"comment_status":"open","ping_status":"closed","template":"","meta":[],"product_cat":[462,483,44,226,229],"product_tag":[322,412],"acf":[],"_links":{"self":[{"href":"http:\/\/www.locacaodemaquinas.com.br\/site\/wp-json\/wp\/v2\/product\/1168"}],"collection":[{"href":"http:\/\/www.locacaodemaquinas.com.br\/site\/wp-json\/wp\/v2\/product"}],"about":[{"href":"http:\/\/www.locacaodemaquinas.com.br\/site\/wp-json\/wp\/v2\/types\/product"}],"replies":[{"embeddable":true,"href":"http:\/\/www.locacaodemaquinas.com.br\/site\/wp-json\/wp\/v2\/comments?post=1168"}],"wp:featuredmedia":[{"embeddable":true,"href":"http:\/\/www.locacaodemaquinas.com.br\/site\/wp-json\/wp\/v2\/media\/1181"}],"wp:attachment":[{"href":"http:\/\/www.locacaodemaquinas.com.br\/site\/wp-json\/wp\/v2\/media?parent=1168"}],"wp:term":[{"taxonomy":"product_cat","embeddable":true,"href":"http:\/\/www.locacaodemaquinas.com.br\/site\/wp-json\/wp\/v2\/product_cat?post=1168"},{"taxonomy":"product_tag","embeddable":true,"href":"http:\/\/www.locacaodemaquinas.com.br\/site\/wp-json\/wp\/v2\/product_tag?post=1168"}],"curies":[{"name":"wp","href":"https:\/\/api.w.org\/{rel}","templated":true}]}}