{"id":1170,"date":"2022-06-18T10:31:40","date_gmt":"2022-06-18T13:31:40","guid":{"rendered":"http:\/\/www.locacaodemaquinas.com.br\/site\/?post_type=product&#038;p=1170"},"modified":"2022-06-18T10:31:40","modified_gmt":"2022-06-18T13:31:40","slug":"solda-mig-350-smashweld-topflex-esab","status":"publish","type":"product","link":"http:\/\/www.locacaodemaquinas.com.br\/site\/loja\/locacao\/solda-corte\/solda-mig\/solda-mig-350-smashweld-topflex-esab\/","title":{"rendered":"Solda Mig 350 &#8211; Smashweld TopFlex &#8211; Esab"},"content":{"rendered":"","protected":false},"excerpt":{"rendered":"<p>Smashweld 350 TopFlex \u00e9 uma fonte de energia com caracter\u00edstica de tens\u00e3o constante prevista para ser conjugada ao alimentador de arame ESAB modelo Origo Feed. Este alimentador \u00e9 montado num pino girat\u00f3rio sobre a fonte. Para maiores detalhes a respeito do alimentador consultar o Manual de Instru\u00e7\u00e3o.<\/p>\n<p>Permite a soldagem com arames s\u00f3lidos de a\u00e7o carbono, de a\u00e7os inoxid\u00e1veis e de ligas de alum\u00ednio e com arames tubulares at\u00e9 1,60 mm de di\u00e2metro.<\/p>\n<p>A tens\u00e3o em vazio \u00e9 ajustada por meio de uma chave seletora.<\/p>\n<p>A velocidade do arame \u00e9 ajustada no Alimentador Origo Feed, em ambas as unidades, o avan\u00e7o do arame \u00e9 realizado por um sistema moto-redutor de corrente cont\u00ednua com controle eletr\u00f4nico. Em todos os casos, o avan\u00e7o do arame \u00e9 efetuado pelo sistema de empurrar (push system).<\/p>\n<p>Um instrumento digital opcional permite a leitura dos par\u00e2metros corrente de soldagem e tens\u00e3o.<\/p>\n<p>A unidade Smashweld TopFlex \u00e9 provida de roda, rod\u00edzio e olhal de levantamento o que permite sua f\u00e1cil movimenta\u00e7\u00e3o no local de trabalho.<\/p>\n<p>Possui prote\u00e7\u00e3o contra o aquecimento.<\/p>\n<p>&nbsp;<\/p>\n","protected":false},"featured_media":1184,"comment_status":"open","ping_status":"closed","template":"","meta":[],"product_cat":[44,226,230],"product_tag":[322,418],"acf":[],"_links":{"self":[{"href":"http:\/\/www.locacaodemaquinas.com.br\/site\/wp-json\/wp\/v2\/product\/1170"}],"collection":[{"href":"http:\/\/www.locacaodemaquinas.com.br\/site\/wp-json\/wp\/v2\/product"}],"about":[{"href":"http:\/\/www.locacaodemaquinas.com.br\/site\/wp-json\/wp\/v2\/types\/product"}],"replies":[{"embeddable":true,"href":"http:\/\/www.locacaodemaquinas.com.br\/site\/wp-json\/wp\/v2\/comments?post=1170"}],"wp:featuredmedia":[{"embeddable":true,"href":"http:\/\/www.locacaodemaquinas.com.br\/site\/wp-json\/wp\/v2\/media\/1184"}],"wp:attachment":[{"href":"http:\/\/www.locacaodemaquinas.com.br\/site\/wp-json\/wp\/v2\/media?parent=1170"}],"wp:term":[{"taxonomy":"product_cat","embeddable":true,"href":"http:\/\/www.locacaodemaquinas.com.br\/site\/wp-json\/wp\/v2\/product_cat?post=1170"},{"taxonomy":"product_tag","embeddable":true,"href":"http:\/\/www.locacaodemaquinas.com.br\/site\/wp-json\/wp\/v2\/product_tag?post=1170"}],"curies":[{"name":"wp","href":"https:\/\/api.w.org\/{rel}","templated":true}]}}