{"id":118,"date":"2018-01-10T15:50:30","date_gmt":"2018-01-10T15:50:30","guid":{"rendered":"https:\/\/promenadethemes.com\/demo\/ecommerce-gem\/?post_type=product&#038;p=118"},"modified":"2024-10-02T10:03:06","modified_gmt":"2024-10-02T13:03:06","slug":"gents-t-shirt","status":"publish","type":"product","link":"http:\/\/www.locacaodemaquinas.com.br\/site\/loja\/principais-marcas\/gents-t-shirt\/","title":{"rendered":"SERRA DE MEIA ESQUADRIA 12&#8243; (305mm) 1.600W, C\/ L\u00c2MINA DE SERRA 80D"},"content":{"rendered":"<h2 class=\"feat-spec\">CARACTER\u00cdSTICAS E ESPECIFICA\u00c7\u00d5ES<\/h2>\n<div id=\"features\" class=\"ork-product-features\">\n<h3>CARACTER\u00cdSTICAS<\/h3>\n<ul>\n<li>Serra de Esquadria 12&#8243; (305mm) com pot\u00eancia de 1.600W Placa de reten\u00e7\u00e3o de \u00e2ngulo sobreposta em a\u00e7o inox com 14 paradas que permite ajuste fino e \u00e2ngulos precisos Apoio deslizante alto para pe\u00e7as de at\u00e9 140mm; Potente motor com arranque progressivo Leve e com al\u00e7a de transporte integrada para melhor portabibilidade Travamento da mesa para o posicionamento r\u00e1pido e preciso da esquadria Empunhadura horizontal e interruptor de gatilho com trava contra acionamento acidental<\/li>\n<\/ul>\n<\/div>\n<div id=\"applications\" class=\"ork-product-applications\">\n<h3>APLICA\u00c7\u00d5ES<\/h3>\n<ul>\n<li>Rota\u00e7\u00f5es por minuto: 4.000 RPM<\/li>\n<li>Di\u00e2metro da l\u00e2mina: 12&#8243; (305 x 30mm)<\/li>\n<li>Eixo 5\/8&#8243; (16mm)<\/li>\n<li>Esquadria esquerda: 0 &#8211; 50\u00b0<\/li>\n<li>Esquadria direita: 0 &#8211; 50\u00b0<\/li>\n<li>Escalas pr\u00e9 determinadas para esquerda: 0\u00b0, 10\u00b0, 15\u00b0, 22.5\u00b0, 31.6\u00b0, 35.3\u00b0, 45\u00b0<\/li>\n<li>Escalas pr\u00e9 determinadas para direita: 10\u00b0, 15\u00b0, 22.5\u00b0, 31.6\u00b0, 35.3\u00b0, 45\u00b0 e 50\u00b0<\/li>\n<li>Inclina\u00e7\u00e3o para esquerda: 0 &#8211; 48\u00b0<\/li>\n<li>Capacidade de corte Esquadria 0\u00b0: A = 92mm X L = 159mm L = 200mm X A = 59mm<\/li>\n<li>Capacidade de corte Esquadria 45\u00b0: A = 92mm X L = 110mm L = 140mm X A = 59mm<\/li>\n<li>Capacidade de corte Bisel 45\u00b0 \u00e1 esquerda: A = 64mm X L = 159mm L = 200mm X A = 33mm<\/li>\n<li>Cortes em madeiras, alum\u00ednio, metais n\u00e3o ferrosos e pl\u00e1sticos Peso: 16Kg<\/li>\n<\/ul>\n<\/div>\n<div id=\"includes\" class=\"ork-product-includes\">\n<h3>INCLUI<\/h3>\n<ul>\n<li>1 L\u00e2mina de serra 12&#8221; 80 dentes TCG<\/li>\n<li>1 Morsa vertical<\/li>\n<li>1 Coletor de p\u00f3<\/li>\n<li>1 Chave Dupla &#8211; Hexagonal 6 mm x Torx 30<\/li>\n<li>1 Manual<\/li>\n<\/ul>\n<\/div>\n","protected":false},"excerpt":{"rendered":"<h3 class=\"ork-sku\">DWS715-BR<\/h3>\n","protected":false},"featured_media":270,"comment_status":"open","ping_status":"closed","template":"","meta":[],"product_cat":[342],"product_tag":[37,38],"acf":[],"_links":{"self":[{"href":"http:\/\/www.locacaodemaquinas.com.br\/site\/wp-json\/wp\/v2\/product\/118"}],"collection":[{"href":"http:\/\/www.locacaodemaquinas.com.br\/site\/wp-json\/wp\/v2\/product"}],"about":[{"href":"http:\/\/www.locacaodemaquinas.com.br\/site\/wp-json\/wp\/v2\/types\/product"}],"replies":[{"embeddable":true,"href":"http:\/\/www.locacaodemaquinas.com.br\/site\/wp-json\/wp\/v2\/comments?post=118"}],"wp:featuredmedia":[{"embeddable":true,"href":"http:\/\/www.locacaodemaquinas.com.br\/site\/wp-json\/wp\/v2\/media\/270"}],"wp:attachment":[{"href":"http:\/\/www.locacaodemaquinas.com.br\/site\/wp-json\/wp\/v2\/media?parent=118"}],"wp:term":[{"taxonomy":"product_cat","embeddable":true,"href":"http:\/\/www.locacaodemaquinas.com.br\/site\/wp-json\/wp\/v2\/product_cat?post=118"},{"taxonomy":"product_tag","embeddable":true,"href":"http:\/\/www.locacaodemaquinas.com.br\/site\/wp-json\/wp\/v2\/product_tag?post=118"}],"curies":[{"name":"wp","href":"https:\/\/api.w.org\/{rel}","templated":true}]}}