{"id":120,"date":"2018-01-10T15:52:25","date_gmt":"2018-01-10T15:52:25","guid":{"rendered":"https:\/\/promenadethemes.com\/demo\/ecommerce-gem\/?post_type=product&#038;p=120"},"modified":"2022-05-23T16:37:33","modified_gmt":"2022-05-23T19:37:33","slug":"airless-mma900","status":"publish","type":"product","link":"http:\/\/www.locacaodemaquinas.com.br\/site\/loja\/locacao\/pintura\/compressor-pintura\/airless-mma900\/","title":{"rendered":"M\u00e1quina de Pintura Airless MMA 900 1.2 HP Menegotti 220V"},"content":{"rendered":"<p>Equipamento de proje\u00e7\u00e3o de tintas para pintura de paredes, telhados, pisos, cercas, m\u00f3veis, muros, pr\u00e9dios, etc.<\/p>\n","protected":false},"excerpt":{"rendered":"<p>Equipamento de proje\u00e7\u00e3o de tintas para pintura de paredes, telhados, pisos, cercas, m\u00f3veis, muros, pr\u00e9dios, etc.<\/p>\n<p>&nbsp;<\/p>\n<p><strong>Principais tintas aplic\u00e1veis:<\/strong>\u00a0L\u00e1tex, Esmalte Sint\u00e9tico, PVA, PU, Ep\u00f3xi, Fundo, Base, Selador e Verniz.<\/p>\n<p><strong>Acompanha:<\/strong><\/p>\n<p>01 \u2013 Manual t\u00e9cnico<br \/>\n01 \u2013 Tubo extensor de 500 mm<br \/>\n01 \u2013 Pistola de proje\u00e7\u00e3o (Equipada com elemento filtrante de malha 50)<br \/>\n01 \u2013 Reparo para bico aspersor<br \/>\n01 \u2013 Bico aspersor n. 517<br \/>\n01 \u2013 M\u00e1quina de Pintura<br \/>\n01 \u2013 Conjunto sistema de suc\u00e7\u00e3o<br \/>\n01 \u2013 Mangueira de alta press\u00e3o \u00d8 1 4 x 15 m 2 conex\u00f5es<br \/>\n01 \u2013 Bisnaga de \u00f3leo lubrificante<\/p>\n","protected":false},"featured_media":307,"comment_status":"open","ping_status":"closed","template":"","meta":[],"product_cat":[212],"product_tag":[42,349,43,41],"acf":[],"_links":{"self":[{"href":"http:\/\/www.locacaodemaquinas.com.br\/site\/wp-json\/wp\/v2\/product\/120"}],"collection":[{"href":"http:\/\/www.locacaodemaquinas.com.br\/site\/wp-json\/wp\/v2\/product"}],"about":[{"href":"http:\/\/www.locacaodemaquinas.com.br\/site\/wp-json\/wp\/v2\/types\/product"}],"replies":[{"embeddable":true,"href":"http:\/\/www.locacaodemaquinas.com.br\/site\/wp-json\/wp\/v2\/comments?post=120"}],"wp:featuredmedia":[{"embeddable":true,"href":"http:\/\/www.locacaodemaquinas.com.br\/site\/wp-json\/wp\/v2\/media\/307"}],"wp:attachment":[{"href":"http:\/\/www.locacaodemaquinas.com.br\/site\/wp-json\/wp\/v2\/media?parent=120"}],"wp:term":[{"taxonomy":"product_cat","embeddable":true,"href":"http:\/\/www.locacaodemaquinas.com.br\/site\/wp-json\/wp\/v2\/product_cat?post=120"},{"taxonomy":"product_tag","embeddable":true,"href":"http:\/\/www.locacaodemaquinas.com.br\/site\/wp-json\/wp\/v2\/product_tag?post=120"}],"curies":[{"name":"wp","href":"https:\/\/api.w.org\/{rel}","templated":true}]}}