{"id":122,"date":"2018-01-10T15:57:14","date_gmt":"2018-01-10T15:57:14","guid":{"rendered":"https:\/\/promenadethemes.com\/demo\/ecommerce-gem\/?post_type=product&#038;p=122"},"modified":"2020-06-01T10:06:19","modified_gmt":"2020-06-01T13:06:19","slug":"midi-skirt","status":"publish","type":"product","link":"http:\/\/www.locacaodemaquinas.com.br\/site\/loja\/principais-marcas\/midi-skirt\/","title":{"rendered":"Serra Tico-Tico Velocidade Vari\u00e1vel"},"content":{"rendered":"<h2 class=\"feat-spec\">CARACTER\u00cdSTICAS E ESPECIFICA\u00c7\u00d5ES<\/h2>\n<div id=\"features\" class=\"ork-product-features\">\n<h3>CARACTER\u00cdSTICAS<\/h3>\n<ul>\n<li>Pot\u00eancia: 701 W<\/li>\n<li>Velocidade sem Carga 500-3100 GPM<\/li>\n<li>7 Velocidades<\/li>\n<li>Comprimento do golpe 1&#8221; (26 mm)<\/li>\n<li>Capacidade em Madeira 130mm<\/li>\n<li>Capacidade em Metal 12mm<\/li>\n<li>\u00c2ngulo de Corte: 0-45\u00b0<\/li>\n<li>4 Posi\u00e7\u00f5es Avan\u00e7o Pendular<\/li>\n<li>Peso: 3 Kg<\/li>\n<\/ul>\n<\/div>\n<div id=\"applications\" class=\"ork-product-applications\">\n<h3>APLICA\u00c7\u00d5ES<\/h3>\n<ul>\n<li>Cortes em madeiras, alum\u00ednio e pl\u00e1sticos.<\/li>\n<\/ul>\n<\/div>\n<div id=\"includes\" class=\"ork-product-includes\">\n<h3>INCLUI<\/h3>\n<ul>\n<li>2 L\u00e2minas de serra<\/li>\n<li>1 Guia redutor de estilha\u00e7o<\/li>\n<li>1 Maleta<\/li>\n<\/ul>\n<\/div>\n","protected":false},"excerpt":{"rendered":"<h3 class=\"ork-sku\">DW331K-B2<\/h3>\n<h2 class=\"ork-display-name\">SERRA TICO-TICO VELOCIDADE VARI\u00c1VEL<\/h2>\n","protected":false},"featured_media":268,"comment_status":"open","ping_status":"closed","template":"","meta":[],"product_cat":[342],"product_tag":[17,18,25],"acf":[],"_links":{"self":[{"href":"http:\/\/www.locacaodemaquinas.com.br\/site\/wp-json\/wp\/v2\/product\/122"}],"collection":[{"href":"http:\/\/www.locacaodemaquinas.com.br\/site\/wp-json\/wp\/v2\/product"}],"about":[{"href":"http:\/\/www.locacaodemaquinas.com.br\/site\/wp-json\/wp\/v2\/types\/product"}],"replies":[{"embeddable":true,"href":"http:\/\/www.locacaodemaquinas.com.br\/site\/wp-json\/wp\/v2\/comments?post=122"}],"wp:featuredmedia":[{"embeddable":true,"href":"http:\/\/www.locacaodemaquinas.com.br\/site\/wp-json\/wp\/v2\/media\/268"}],"wp:attachment":[{"href":"http:\/\/www.locacaodemaquinas.com.br\/site\/wp-json\/wp\/v2\/media?parent=122"}],"wp:term":[{"taxonomy":"product_cat","embeddable":true,"href":"http:\/\/www.locacaodemaquinas.com.br\/site\/wp-json\/wp\/v2\/product_cat?post=122"},{"taxonomy":"product_tag","embeddable":true,"href":"http:\/\/www.locacaodemaquinas.com.br\/site\/wp-json\/wp\/v2\/product_tag?post=122"}],"curies":[{"name":"wp","href":"https:\/\/api.w.org\/{rel}","templated":true}]}}