{"id":1242,"date":"2022-02-02T17:04:48","date_gmt":"2022-02-02T20:04:48","guid":{"rendered":"http:\/\/www.locacaodemaquinas.com.br\/site\/?post_type=product&#038;p=1242"},"modified":"2025-03-12T16:05:03","modified_gmt":"2025-03-12T19:05:03","slug":"esmerilhadeira-angular-7-d28491-dewalt","status":"publish","type":"product","link":"http:\/\/www.locacaodemaquinas.com.br\/site\/loja\/ferramenta-eletrica-2\/esmerilhadeira\/esmerilhadeira-angular-7-d28491-dewalt\/","title":{"rendered":"Esmerilhadeira Angular 7&#8243; (180 mm)"},"content":{"rendered":"<p><strong>CARACTER\u00cdSTICAS:<\/strong><\/p>\n<ul>\n<li>INTERRUPTOR: A ferramenta \u00e9 controlada por um gatilho interruptor. Um bot\u00e3o de trava fornece maior conforto em trabalhos de longa dura\u00e7\u00e3o.<\/li>\n<li>EMPUNHADEIRA TRASEIRA GIRAT\u00d3RIA: pode ser posicionada em \u00e2ngulos de 90\u00b0 para a direta ou esquerda da posi\u00e7\u00e3o central.<\/li>\n<li>POSICIONAMENTO M\u00daLTIPLO DA EMPUNHADEIRA LATERAL: pode ser ajustada adequadamente em 2 posi\u00e7\u00f5es diferentes dependendo da prefer\u00eancia pessoal e uso. A empunhadeira lateral deve ser usada em todos os momentos para controlar da ferramenta.<\/li>\n<li>TRAVA DO EIXO: tem como objetivo prevenir que o eixo se movimente durante a instala\u00e7\u00e3o ou remo\u00e7\u00e3o de discos. Utilize a trava somente do eixo somente quando a ferramenta estiver desligada e desplugada da tomada de for\u00e7a. Para encaixar a trava, aperte o bot\u00e3o de trava (C) e gire o eixo at\u00e9 n\u00e3o poder mais.<br \/>\nNOTA: Nunca aperte o bot\u00e3o de trava do eixo enquanto a esmerilhadeira estiver em funcionamento. Nunca ligue a esmerilhadeira enquanto o bot\u00e3o do eixo estiver pressionado. Pode resultar em danos \u00e0 ferramenta.<\/li>\n<li>ANEL DE MONTAGEM: permite f\u00e1cil instala\u00e7\u00e3o e remo\u00e7\u00e3o de discos.<\/li>\n<\/ul>\n","protected":false},"excerpt":{"rendered":"<p>A Esmerilhadeira Angular 7&#8243; Dewalt D28491 \u00e9 utilizada em trabalhos de desbaste, cortes e remo\u00e7\u00e3o de metais, cord\u00f5es de solda, limpeza de chapas de metal e alum\u00ednio.<\/p>\n","protected":false},"featured_media":1243,"comment_status":"open","ping_status":"closed","template":"","meta":[],"product_cat":[463,143,347],"product_tag":[424,37,144],"acf":[],"_links":{"self":[{"href":"http:\/\/www.locacaodemaquinas.com.br\/site\/wp-json\/wp\/v2\/product\/1242"}],"collection":[{"href":"http:\/\/www.locacaodemaquinas.com.br\/site\/wp-json\/wp\/v2\/product"}],"about":[{"href":"http:\/\/www.locacaodemaquinas.com.br\/site\/wp-json\/wp\/v2\/types\/product"}],"replies":[{"embeddable":true,"href":"http:\/\/www.locacaodemaquinas.com.br\/site\/wp-json\/wp\/v2\/comments?post=1242"}],"wp:featuredmedia":[{"embeddable":true,"href":"http:\/\/www.locacaodemaquinas.com.br\/site\/wp-json\/wp\/v2\/media\/1243"}],"wp:attachment":[{"href":"http:\/\/www.locacaodemaquinas.com.br\/site\/wp-json\/wp\/v2\/media?parent=1242"}],"wp:term":[{"taxonomy":"product_cat","embeddable":true,"href":"http:\/\/www.locacaodemaquinas.com.br\/site\/wp-json\/wp\/v2\/product_cat?post=1242"},{"taxonomy":"product_tag","embeddable":true,"href":"http:\/\/www.locacaodemaquinas.com.br\/site\/wp-json\/wp\/v2\/product_tag?post=1242"}],"curies":[{"name":"wp","href":"https:\/\/api.w.org\/{rel}","templated":true}]}}