{"id":1244,"date":"2022-02-02T17:49:53","date_gmt":"2022-02-02T20:49:53","guid":{"rendered":"http:\/\/www.locacaodemaquinas.com.br\/site\/?post_type=product&#038;p=1244"},"modified":"2025-03-12T16:04:03","modified_gmt":"2025-03-12T19:04:03","slug":"esmerilhadeira-angular-9-230-mm-dwe490-dewalt","status":"publish","type":"product","link":"http:\/\/www.locacaodemaquinas.com.br\/site\/loja\/ferramenta-eletrica-2\/esmerilhadeira\/esmerilhadeira-angular-9-230-mm-dwe490-dewalt\/","title":{"rendered":"Esmerilhadeira Angular 9&#8243; (230 mm)"},"content":{"rendered":"<p>Esmerilhadeira angular\u00a0DWE490\u00a0de 9&#8243; conta com constru\u00e7\u00e3o robusta e motor protegido contra abras\u00e3o, oferecendo alta durabilidade.<\/p>\n<p>Possui engrenagens usinadas, indicadas para as mais extremas aplica\u00e7\u00f5es.<\/p>\n<p>Conta com interruptor gatilho.<\/p>\n<p>Ideal para cortes, desbastes, remo\u00e7\u00f5es em metais, aplica\u00e7\u00f5es em alvenaria e concreto.<\/p>\n<p>Utilizada por profissionais do segmento metal mec\u00e2nico, serralheiros, pedreiros, entre outros.<\/p>\n","protected":false},"excerpt":{"rendered":"<p>Aplicado em cortes, desbastes, remo\u00e7\u00f5es em metais, aplica\u00e7\u00f5es em alvenaria e concreto.<\/p>\n","protected":false},"featured_media":1249,"comment_status":"open","ping_status":"closed","template":"","meta":[],"product_cat":[463,143,347],"product_tag":[425,37,144],"acf":[],"_links":{"self":[{"href":"http:\/\/www.locacaodemaquinas.com.br\/site\/wp-json\/wp\/v2\/product\/1244"}],"collection":[{"href":"http:\/\/www.locacaodemaquinas.com.br\/site\/wp-json\/wp\/v2\/product"}],"about":[{"href":"http:\/\/www.locacaodemaquinas.com.br\/site\/wp-json\/wp\/v2\/types\/product"}],"replies":[{"embeddable":true,"href":"http:\/\/www.locacaodemaquinas.com.br\/site\/wp-json\/wp\/v2\/comments?post=1244"}],"wp:featuredmedia":[{"embeddable":true,"href":"http:\/\/www.locacaodemaquinas.com.br\/site\/wp-json\/wp\/v2\/media\/1249"}],"wp:attachment":[{"href":"http:\/\/www.locacaodemaquinas.com.br\/site\/wp-json\/wp\/v2\/media?parent=1244"}],"wp:term":[{"taxonomy":"product_cat","embeddable":true,"href":"http:\/\/www.locacaodemaquinas.com.br\/site\/wp-json\/wp\/v2\/product_cat?post=1244"},{"taxonomy":"product_tag","embeddable":true,"href":"http:\/\/www.locacaodemaquinas.com.br\/site\/wp-json\/wp\/v2\/product_tag?post=1244"}],"curies":[{"name":"wp","href":"https:\/\/api.w.org\/{rel}","templated":true}]}}