{"id":1255,"date":"2022-02-03T15:53:02","date_gmt":"2022-02-03T18:53:02","guid":{"rendered":"http:\/\/www.locacaodemaquinas.com.br\/site\/?post_type=product&#038;p=1255"},"modified":"2022-07-06T11:25:49","modified_gmt":"2022-07-06T14:25:49","slug":"furadeira-de-impacto-5-8-16-mm-d12570k-dewalt","status":"publish","type":"product","link":"http:\/\/www.locacaodemaquinas.com.br\/site\/loja\/ferramenta-eletrica-2\/furadeira\/furadeira-com-impacto\/furadeira-de-impacto-5-8-16-mm-d12570k-dewalt\/","title":{"rendered":"Furadeira de Impacto 5\/8&#8221; (16 mm) D12570K &#8211; Dewalt"},"content":{"rendered":"<p>E-Clutch\u00ae embreagem eletr\u00f4nica;<\/p>\n<p>Embreagem mec\u00e2nia;<\/p>\n<p>Motor patenteado DEWALT\u00ae-built gera 50% mais pot\u00eancia e ainda resistente contra sobrecarga para maior durabilidade;<\/p>\n<p>Constru\u00e7\u00e3o modular robusta com caixa de engrenagem em metal para maior durabilidade e confiabilidade;<\/p>\n<p>Duas velocidades mec\u00e2nicas vari\u00e1veis e revers\u00edveis;<\/p>\n<p>Gatilho de dois dedos com trava para uso cont\u00ednuo;<\/p>\n<p>Desenho ergon\u00f4mico e empunhadura emborrachada;<\/p>\n<p>Empunhadura lateral 360\u00b0 para excelente controle e versatilidade;<\/p>\n<p>Suporte para chave do mandril no cabo el\u00e9trico.<\/p>\n","protected":false},"excerpt":{"rendered":"<p>Aplic\u00e1vel em perfura\u00e7\u00f5es em alvenaria, madeiras, metais e pl\u00e1sticos.<\/p>\n","protected":false},"featured_media":1257,"comment_status":"open","ping_status":"closed","template":"","meta":[],"product_cat":[500,464,143,347],"product_tag":[37,426],"acf":[],"_links":{"self":[{"href":"http:\/\/www.locacaodemaquinas.com.br\/site\/wp-json\/wp\/v2\/product\/1255"}],"collection":[{"href":"http:\/\/www.locacaodemaquinas.com.br\/site\/wp-json\/wp\/v2\/product"}],"about":[{"href":"http:\/\/www.locacaodemaquinas.com.br\/site\/wp-json\/wp\/v2\/types\/product"}],"replies":[{"embeddable":true,"href":"http:\/\/www.locacaodemaquinas.com.br\/site\/wp-json\/wp\/v2\/comments?post=1255"}],"wp:featuredmedia":[{"embeddable":true,"href":"http:\/\/www.locacaodemaquinas.com.br\/site\/wp-json\/wp\/v2\/media\/1257"}],"wp:attachment":[{"href":"http:\/\/www.locacaodemaquinas.com.br\/site\/wp-json\/wp\/v2\/media?parent=1255"}],"wp:term":[{"taxonomy":"product_cat","embeddable":true,"href":"http:\/\/www.locacaodemaquinas.com.br\/site\/wp-json\/wp\/v2\/product_cat?post=1255"},{"taxonomy":"product_tag","embeddable":true,"href":"http:\/\/www.locacaodemaquinas.com.br\/site\/wp-json\/wp\/v2\/product_tag?post=1255"}],"curies":[{"name":"wp","href":"https:\/\/api.w.org\/{rel}","templated":true}]}}