{"id":1259,"date":"2022-02-03T17:53:34","date_gmt":"2022-02-03T20:53:34","guid":{"rendered":"http:\/\/www.locacaodemaquinas.com.br\/site\/?post_type=product&#038;p=1259"},"modified":"2022-07-06T11:23:03","modified_gmt":"2022-07-06T14:23:03","slug":"furadeira-5-8-16-mm-dw130-dewalt","status":"publish","type":"product","link":"http:\/\/www.locacaodemaquinas.com.br\/site\/loja\/ferramenta-eletrica-2\/furadeira\/furadeira-sem-impacto\/furadeira-5-8-16-mm-dw130-dewalt\/","title":{"rendered":"Furadeira 5\/8&#8221; (16 MM) DW130 &#8211; Dewalt"},"content":{"rendered":"<ul>\n<li>Empunhadura traseira de duas posi\u00e7\u00f5es;<\/li>\n<li>Empunhadura lateral de tr\u00eas posi\u00e7\u00f5es;<\/li>\n<li>Tripla redu\u00e7\u00e3o de engrenagens, entrega alto torque para perfurar metais;<\/li>\n<li>Empunhadura emborrachada;<\/li>\n<li>Engrenagens em a\u00e7o usinado e temperado para longa vida \u00fatil;<\/li>\n<li>Constru\u00e7\u00e3o modular robusta com caixa de engrenagem em metal para maior durabilidade;<\/li>\n<li>Velocidade vari\u00e1vel e revers\u00edvel;<\/li>\n<li>Gatilho de dois dedos com trava para uso cont\u00ednuo.<\/li>\n<\/ul>\n","protected":false},"excerpt":{"rendered":"<ul>\n<li>Ideal para perfura\u00e7\u00f5es cont\u00ednuas em madeira, metais e pl\u00e1sticos.<\/li>\n<li>Mistura de argamassas, impermeabilizantes e resinas.<\/li>\n<\/ul>\n","protected":false},"featured_media":1263,"comment_status":"open","ping_status":"closed","template":"","meta":[],"product_cat":[500,465,143,342,347],"product_tag":[37,47],"acf":[],"_links":{"self":[{"href":"http:\/\/www.locacaodemaquinas.com.br\/site\/wp-json\/wp\/v2\/product\/1259"}],"collection":[{"href":"http:\/\/www.locacaodemaquinas.com.br\/site\/wp-json\/wp\/v2\/product"}],"about":[{"href":"http:\/\/www.locacaodemaquinas.com.br\/site\/wp-json\/wp\/v2\/types\/product"}],"replies":[{"embeddable":true,"href":"http:\/\/www.locacaodemaquinas.com.br\/site\/wp-json\/wp\/v2\/comments?post=1259"}],"wp:featuredmedia":[{"embeddable":true,"href":"http:\/\/www.locacaodemaquinas.com.br\/site\/wp-json\/wp\/v2\/media\/1263"}],"wp:attachment":[{"href":"http:\/\/www.locacaodemaquinas.com.br\/site\/wp-json\/wp\/v2\/media?parent=1259"}],"wp:term":[{"taxonomy":"product_cat","embeddable":true,"href":"http:\/\/www.locacaodemaquinas.com.br\/site\/wp-json\/wp\/v2\/product_cat?post=1259"},{"taxonomy":"product_tag","embeddable":true,"href":"http:\/\/www.locacaodemaquinas.com.br\/site\/wp-json\/wp\/v2\/product_tag?post=1259"}],"curies":[{"name":"wp","href":"https:\/\/api.w.org\/{rel}","templated":true}]}}