{"id":1260,"date":"2022-02-04T09:51:12","date_gmt":"2022-02-04T12:51:12","guid":{"rendered":"http:\/\/www.locacaodemaquinas.com.br\/site\/?post_type=product&#038;p=1260"},"modified":"2022-07-06T11:28:38","modified_gmt":"2022-07-06T14:28:38","slug":"furadeira-7-8-mm-dw152-dewalt","status":"publish","type":"product","link":"http:\/\/www.locacaodemaquinas.com.br\/site\/loja\/ferramenta-eletrica-2\/furadeira\/furadeira-sem-impacto\/furadeira-7-8-mm-dw152-dewalt\/","title":{"rendered":"Furadeira 7\/8&#8221; (23 mm) DW152 &#8211; Dewalt"},"content":{"rendered":"<p>A Furadeira de Impacto DW508S DeWalt foi fabricada especialmente para execu\u00e7\u00e3o de furos de diversos di\u00e2metros.<\/p>\n<p>Perfura a\u00e7o em 23 mm de profundidade; madeira em 39 mm e concreto em 17.<\/p>\n<p>Tem duas op\u00e7\u00f5es de velocidade: 400 ou 800 rpm.<\/p>\n<p>Possui motor el\u00e9trico de 1,5 mil Watts de pot\u00eancia e 220 Volts de tens\u00e3o.<\/p>\n<p>Tem apoio para ombro, dois punhos laterais e punho extra para maior controle.<\/p>\n<p>O equipamento pesa 1,9 kg.<\/p>\n","protected":false},"excerpt":{"rendered":"<p>Especialmente fabricada para execu\u00e7\u00e3o de furos de diversos di\u00e2metros<\/p>\n","protected":false},"featured_media":1265,"comment_status":"open","ping_status":"closed","template":"","meta":[],"product_cat":[462,465,143,347],"product_tag":[37,47],"acf":[],"_links":{"self":[{"href":"http:\/\/www.locacaodemaquinas.com.br\/site\/wp-json\/wp\/v2\/product\/1260"}],"collection":[{"href":"http:\/\/www.locacaodemaquinas.com.br\/site\/wp-json\/wp\/v2\/product"}],"about":[{"href":"http:\/\/www.locacaodemaquinas.com.br\/site\/wp-json\/wp\/v2\/types\/product"}],"replies":[{"embeddable":true,"href":"http:\/\/www.locacaodemaquinas.com.br\/site\/wp-json\/wp\/v2\/comments?post=1260"}],"wp:featuredmedia":[{"embeddable":true,"href":"http:\/\/www.locacaodemaquinas.com.br\/site\/wp-json\/wp\/v2\/media\/1265"}],"wp:attachment":[{"href":"http:\/\/www.locacaodemaquinas.com.br\/site\/wp-json\/wp\/v2\/media?parent=1260"}],"wp:term":[{"taxonomy":"product_cat","embeddable":true,"href":"http:\/\/www.locacaodemaquinas.com.br\/site\/wp-json\/wp\/v2\/product_cat?post=1260"},{"taxonomy":"product_tag","embeddable":true,"href":"http:\/\/www.locacaodemaquinas.com.br\/site\/wp-json\/wp\/v2\/product_tag?post=1260"}],"curies":[{"name":"wp","href":"https:\/\/api.w.org\/{rel}","templated":true}]}}