{"id":1327,"date":"2022-02-17T17:49:51","date_gmt":"2022-02-17T20:49:51","guid":{"rendered":"http:\/\/www.locacaodemaquinas.com.br\/site\/?post_type=product&#038;p=1327"},"modified":"2022-04-12T12:51:14","modified_gmt":"2022-04-12T15:51:14","slug":"d25762k-10-kg","status":"publish","type":"product","link":"http:\/\/www.locacaodemaquinas.com.br\/site\/loja\/ferramenta-eletrica-2\/martelo-perfurador\/d25762k-10-kg\/","title":{"rendered":"Martelo Perfurador\/Rompedor  D25762K SDS MAX 10kg &#8211; Dewalt"},"content":{"rendered":"","protected":false},"excerpt":{"rendered":"<div>\n<ul>\n<li>Ideal para demoli\u00e7\u00f5es de estruturas em concreto usinado e alvenaria;<\/li>\n<li>Remo\u00e7\u00f5es de revestimentos e demoli\u00e7\u00f5es em pisos e pavimentos;<\/li>\n<li>\n<div id=\"applications\" class=\"ork-product-applications\">Embreagem mecatr\u00f4nica de dois est\u00e1gios possibilita perfura\u00e7\u00f5es de grandes di\u00e2metros em alvenaria;<\/div>\n<\/li>\n<li>\n<div id=\"applications\" class=\"ork-product-applications\">Sistema anti-vibra\u00e7\u00e3o, garantem uma opera\u00e7\u00e3o seguran\u00e7a.<\/div>\n<div id=\"includes\" class=\"ork-product-includes\">\n<div class=\"btn-controllers\"><\/div>\n<\/div>\n<\/li>\n<\/ul>\n<\/div>\n<div class=\"btn-controllers\"><\/div>\n","protected":false},"featured_media":1540,"comment_status":"open","ping_status":"closed","template":"","meta":[],"product_cat":[462,474,501,143,347],"product_tag":[37,439,447,449],"acf":[],"_links":{"self":[{"href":"http:\/\/www.locacaodemaquinas.com.br\/site\/wp-json\/wp\/v2\/product\/1327"}],"collection":[{"href":"http:\/\/www.locacaodemaquinas.com.br\/site\/wp-json\/wp\/v2\/product"}],"about":[{"href":"http:\/\/www.locacaodemaquinas.com.br\/site\/wp-json\/wp\/v2\/types\/product"}],"replies":[{"embeddable":true,"href":"http:\/\/www.locacaodemaquinas.com.br\/site\/wp-json\/wp\/v2\/comments?post=1327"}],"wp:featuredmedia":[{"embeddable":true,"href":"http:\/\/www.locacaodemaquinas.com.br\/site\/wp-json\/wp\/v2\/media\/1540"}],"wp:attachment":[{"href":"http:\/\/www.locacaodemaquinas.com.br\/site\/wp-json\/wp\/v2\/media?parent=1327"}],"wp:term":[{"taxonomy":"product_cat","embeddable":true,"href":"http:\/\/www.locacaodemaquinas.com.br\/site\/wp-json\/wp\/v2\/product_cat?post=1327"},{"taxonomy":"product_tag","embeddable":true,"href":"http:\/\/www.locacaodemaquinas.com.br\/site\/wp-json\/wp\/v2\/product_tag?post=1327"}],"curies":[{"name":"wp","href":"https:\/\/api.w.org\/{rel}","templated":true}]}}