{"id":1376,"date":"2022-03-09T16:44:21","date_gmt":"2022-03-09T19:44:21","guid":{"rendered":"http:\/\/www.locacaodemaquinas.com.br\/site\/?post_type=product&#038;p=1376"},"modified":"2022-07-06T16:14:21","modified_gmt":"2022-07-06T19:14:21","slug":"plaina-10-mm-d26676-dewalt","status":"publish","type":"product","link":"http:\/\/www.locacaodemaquinas.com.br\/site\/loja\/ferramenta-eletrica-2\/plaina\/plaina-10-mm-d26676-dewalt\/","title":{"rendered":"Plaina 1,0 mm D26676 &#8211; Dewalt"},"content":{"rendered":"","protected":false},"excerpt":{"rendered":"<p>M\u00e1quina profissional 100% rolamentada utilizada para corrigir imperfei\u00e7\u00f5es na madeira deixando a superf\u00edcie plana e lisa.<\/p>\n<p>Possui motor de 550 watts de pot\u00eancia e capacidade de corte de 1,0 mm por passada.<\/p>\n<p>Uso em marcenarias, carpintarias, fabrica de m\u00f3veis e outros.<\/p>\n","protected":false},"featured_media":1380,"comment_status":"open","ping_status":"closed","template":"","meta":[],"product_cat":[462,481,143,347],"product_tag":[37,260,439,302],"acf":[],"_links":{"self":[{"href":"http:\/\/www.locacaodemaquinas.com.br\/site\/wp-json\/wp\/v2\/product\/1376"}],"collection":[{"href":"http:\/\/www.locacaodemaquinas.com.br\/site\/wp-json\/wp\/v2\/product"}],"about":[{"href":"http:\/\/www.locacaodemaquinas.com.br\/site\/wp-json\/wp\/v2\/types\/product"}],"replies":[{"embeddable":true,"href":"http:\/\/www.locacaodemaquinas.com.br\/site\/wp-json\/wp\/v2\/comments?post=1376"}],"wp:featuredmedia":[{"embeddable":true,"href":"http:\/\/www.locacaodemaquinas.com.br\/site\/wp-json\/wp\/v2\/media\/1380"}],"wp:attachment":[{"href":"http:\/\/www.locacaodemaquinas.com.br\/site\/wp-json\/wp\/v2\/media?parent=1376"}],"wp:term":[{"taxonomy":"product_cat","embeddable":true,"href":"http:\/\/www.locacaodemaquinas.com.br\/site\/wp-json\/wp\/v2\/product_cat?post=1376"},{"taxonomy":"product_tag","embeddable":true,"href":"http:\/\/www.locacaodemaquinas.com.br\/site\/wp-json\/wp\/v2\/product_tag?post=1376"}],"curies":[{"name":"wp","href":"https:\/\/api.w.org\/{rel}","templated":true}]}}