{"id":1459,"date":"2022-03-22T16:24:24","date_gmt":"2022-03-22T19:24:24","guid":{"rendered":"http:\/\/www.locacaodemaquinas.com.br\/site\/?post_type=product&#038;p=1459"},"modified":"2023-01-17T16:08:32","modified_gmt":"2023-01-17T19:08:32","slug":"tupia-para-laminados-d26670-645w-dewalt","status":"publish","type":"product","link":"http:\/\/www.locacaodemaquinas.com.br\/site\/loja\/principais-marcas\/marca-dewalt\/tupia-para-laminados-d26670-645w-dewalt\/","title":{"rendered":"Tupia para Laminados D26670 645W &#8211; Dewalt"},"content":{"rendered":"","protected":false},"excerpt":{"rendered":"<p>Tupia adaptada \u00e0s suas atividades.<br \/>\nCom esta tupia DEWALT D26670 voc\u00ea poder\u00e1 criar pe\u00e7as de design com diferentes formas e tamanhos.<br \/>\nPara us\u00e1-la, voc\u00ea deve primeiro segurar a fresa firmemente na garra da m\u00e1quina e ajustar a profundidade m\u00e1xima da fresagem conforme o tipo de corte; finalmente, voc\u00ea dever\u00e1 travar a pe\u00e7a para garantir a precis\u00e3o.<\/p>\n<p>Somente Venda.<\/p>\n","protected":false},"featured_media":1463,"comment_status":"open","ping_status":"closed","template":"","meta":[],"product_cat":[347,45,522],"product_tag":[37,439,505],"acf":[],"_links":{"self":[{"href":"http:\/\/www.locacaodemaquinas.com.br\/site\/wp-json\/wp\/v2\/product\/1459"}],"collection":[{"href":"http:\/\/www.locacaodemaquinas.com.br\/site\/wp-json\/wp\/v2\/product"}],"about":[{"href":"http:\/\/www.locacaodemaquinas.com.br\/site\/wp-json\/wp\/v2\/types\/product"}],"replies":[{"embeddable":true,"href":"http:\/\/www.locacaodemaquinas.com.br\/site\/wp-json\/wp\/v2\/comments?post=1459"}],"wp:featuredmedia":[{"embeddable":true,"href":"http:\/\/www.locacaodemaquinas.com.br\/site\/wp-json\/wp\/v2\/media\/1463"}],"wp:attachment":[{"href":"http:\/\/www.locacaodemaquinas.com.br\/site\/wp-json\/wp\/v2\/media?parent=1459"}],"wp:term":[{"taxonomy":"product_cat","embeddable":true,"href":"http:\/\/www.locacaodemaquinas.com.br\/site\/wp-json\/wp\/v2\/product_cat?post=1459"},{"taxonomy":"product_tag","embeddable":true,"href":"http:\/\/www.locacaodemaquinas.com.br\/site\/wp-json\/wp\/v2\/product_tag?post=1459"}],"curies":[{"name":"wp","href":"https:\/\/api.w.org\/{rel}","templated":true}]}}