{"id":1469,"date":"2022-03-25T12:59:31","date_gmt":"2022-03-25T15:59:31","guid":{"rendered":"http:\/\/www.locacaodemaquinas.com.br\/site\/?post_type=product&#038;p=1469"},"modified":"2023-01-18T10:39:51","modified_gmt":"2023-01-18T13:39:51","slug":"serra-sabre-dw311k-velocidade-variavel-dewalt","status":"publish","type":"product","link":"http:\/\/www.locacaodemaquinas.com.br\/site\/loja\/principais-marcas\/marca-dewalt\/serra-sabre-dw311k-velocidade-variavel-dewalt\/","title":{"rendered":"Serra Sabre DW311K Velocidade Vari\u00e1vel &#8211; Dewalt"},"content":{"rendered":"<p><strong>CARACTER\u00cdSTICAS<\/strong><\/p>\n<ul>\n<li>Motor robusto entrega pot\u00eancia necess\u00e1ria para aplica\u00e7\u00f5es pesadas;<\/li>\n<li>Sapata pivotante ajust\u00e1vel sem chave, f\u00e1cil ajuste da profundidade de corte;<\/li>\n<li>Empunhadura emborrachada;<\/li>\n<li>A\u00e7\u00e3o Orbital entrega cortes r\u00e1pidos em madeira;<\/li>\n<li>Engate r\u00e1pido da l\u00e2mina sem uso de chave;<\/li>\n<li>Controle de velocidade vari\u00e1vel.<\/li>\n<\/ul>\n<div class=\"btn-controllers\"><\/div>\n","protected":false},"excerpt":{"rendered":"<h3>APLICA\u00c7\u00d5ES<\/h3>\n<ul>\n<li>Cortes em metais, madeiras e pl\u00e1sticos.<\/li>\n<\/ul>\n<h3>ACOMPANHA<\/h3>\n<ul>\n<li>01 L\u00e2mina de sabre<\/li>\n<li>Maleta pl\u00e1stica<\/li>\n<\/ul>\n<p>&nbsp;<\/p>\n<p>Obs: Dispon\u00edvel apenas para Venda.<\/p>\n","protected":false},"featured_media":1475,"comment_status":"open","ping_status":"closed","template":"","meta":[],"product_cat":[347,45,522],"product_tag":[37,260,506],"acf":[],"_links":{"self":[{"href":"http:\/\/www.locacaodemaquinas.com.br\/site\/wp-json\/wp\/v2\/product\/1469"}],"collection":[{"href":"http:\/\/www.locacaodemaquinas.com.br\/site\/wp-json\/wp\/v2\/product"}],"about":[{"href":"http:\/\/www.locacaodemaquinas.com.br\/site\/wp-json\/wp\/v2\/types\/product"}],"replies":[{"embeddable":true,"href":"http:\/\/www.locacaodemaquinas.com.br\/site\/wp-json\/wp\/v2\/comments?post=1469"}],"wp:featuredmedia":[{"embeddable":true,"href":"http:\/\/www.locacaodemaquinas.com.br\/site\/wp-json\/wp\/v2\/media\/1475"}],"wp:attachment":[{"href":"http:\/\/www.locacaodemaquinas.com.br\/site\/wp-json\/wp\/v2\/media?parent=1469"}],"wp:term":[{"taxonomy":"product_cat","embeddable":true,"href":"http:\/\/www.locacaodemaquinas.com.br\/site\/wp-json\/wp\/v2\/product_cat?post=1469"},{"taxonomy":"product_tag","embeddable":true,"href":"http:\/\/www.locacaodemaquinas.com.br\/site\/wp-json\/wp\/v2\/product_tag?post=1469"}],"curies":[{"name":"wp","href":"https:\/\/api.w.org\/{rel}","templated":true}]}}