{"id":1622,"date":"2022-04-26T10:32:59","date_gmt":"2022-04-26T13:32:59","guid":{"rendered":"http:\/\/www.locacaodemaquinas.com.br\/site\/?post_type=product&#038;p=1622"},"modified":"2022-04-26T11:01:17","modified_gmt":"2022-04-26T14:01:17","slug":"lixa-dagua-oxido-de-aluminio-daw2-p150-230-x-280-mm-dewalt","status":"publish","type":"product","link":"http:\/\/www.locacaodemaquinas.com.br\/site\/loja\/principais-marcas\/marca-dewalt\/lixa-dagua-oxido-de-aluminio-daw2-p150-230-x-280-mm-dewalt\/","title":{"rendered":"Lixa d&#8217;\u00c1gua \u00d3xido de Alum\u00ednio DAW2 P150 (230 x 280 mm) &#8211; DEWALT"},"content":{"rendered":"","protected":false},"excerpt":{"rendered":"<p>Lixa d&#8217;\u00c1gua Dewalt de alto desempenho e resist\u00eancia!<\/p>\n<p>Composta por gr\u00e3os de \u00f3xido de alum\u00ednio proporcionam corte r\u00e1pido e alto rendimento.<\/p>\n<p>Possuem costado antideslizante que facilitam as opera\u00e7\u00f5es manuais.<\/p>\n<p>A prova de \u00e1gua e resistente ao rasgo. Al\u00e9m de ser flex\u00edvel, oferece uniformidade na aplica\u00e7\u00e3o e excelente acabamento.<\/p>\n","protected":false},"featured_media":1611,"comment_status":"open","ping_status":"closed","template":"","meta":[],"product_cat":[347,45,508],"product_tag":[37,531,530],"acf":[],"_links":{"self":[{"href":"http:\/\/www.locacaodemaquinas.com.br\/site\/wp-json\/wp\/v2\/product\/1622"}],"collection":[{"href":"http:\/\/www.locacaodemaquinas.com.br\/site\/wp-json\/wp\/v2\/product"}],"about":[{"href":"http:\/\/www.locacaodemaquinas.com.br\/site\/wp-json\/wp\/v2\/types\/product"}],"replies":[{"embeddable":true,"href":"http:\/\/www.locacaodemaquinas.com.br\/site\/wp-json\/wp\/v2\/comments?post=1622"}],"wp:featuredmedia":[{"embeddable":true,"href":"http:\/\/www.locacaodemaquinas.com.br\/site\/wp-json\/wp\/v2\/media\/1611"}],"wp:attachment":[{"href":"http:\/\/www.locacaodemaquinas.com.br\/site\/wp-json\/wp\/v2\/media?parent=1622"}],"wp:term":[{"taxonomy":"product_cat","embeddable":true,"href":"http:\/\/www.locacaodemaquinas.com.br\/site\/wp-json\/wp\/v2\/product_cat?post=1622"},{"taxonomy":"product_tag","embeddable":true,"href":"http:\/\/www.locacaodemaquinas.com.br\/site\/wp-json\/wp\/v2\/product_tag?post=1622"}],"curies":[{"name":"wp","href":"https:\/\/api.w.org\/{rel}","templated":true}]}}