{"id":1659,"date":"2022-04-26T12:25:37","date_gmt":"2022-04-26T15:25:37","guid":{"rendered":"http:\/\/www.locacaodemaquinas.com.br\/site\/?post_type=product&#038;p=1659"},"modified":"2022-04-26T12:31:03","modified_gmt":"2022-04-26T15:31:03","slug":"folha-de-lixa-dagua-t216-g400-230-x-280-mm-norton","status":"publish","type":"product","link":"http:\/\/www.locacaodemaquinas.com.br\/site\/loja\/venda\/abrasivos-e-escovas\/folha-de-lixa-dagua-t216-g400-230-x-280-mm-norton\/","title":{"rendered":"Folha de Lixa d&#8217;\u00c1gua T216 G400 (230 x 280 mm) &#8211; Norton"},"content":{"rendered":"<div>\u2022 Lixa com costado de papel indicada para utiliza\u00e7\u00e3o \u00e0 \u00famido em superf\u00edcies met\u00e1licas, pvc, alum\u00ednio, vernizes, pintura marmorizada e etc.<\/div>\n<div>\u2022 Mais dur\u00e1vel com menor gera\u00e7\u00e3o de p\u00f3 e empastamento devido ao lixamento \u00famido.<\/div>\n<div>\u2022 Gr\u00e3o: 400<\/div>\n","protected":false},"excerpt":{"rendered":"<p>A Folha de Lixa D\u2019\u00c1gua T216 \u00e9 uma lixa de papel com gr\u00e3o \u00d3xido de Alum\u00ednio Marrom\u00a0indicada para o lixamento \u00famido de massas e primers na etapa de prepara\u00e7\u00e3o para repara\u00e7\u00e3o automotiva.<\/p>\n<p>Sua alta flexibilidade resulta em grande conforto para o usu\u00e1rio durante o lixamento, e seu papel imperme\u00e1vel de alta performance proporciona um acabamento perfeito.<\/p>\n","protected":false},"featured_media":1651,"comment_status":"open","ping_status":"closed","template":"","meta":[],"product_cat":[45,508],"product_tag":[531,530,533],"acf":[],"_links":{"self":[{"href":"http:\/\/www.locacaodemaquinas.com.br\/site\/wp-json\/wp\/v2\/product\/1659"}],"collection":[{"href":"http:\/\/www.locacaodemaquinas.com.br\/site\/wp-json\/wp\/v2\/product"}],"about":[{"href":"http:\/\/www.locacaodemaquinas.com.br\/site\/wp-json\/wp\/v2\/types\/product"}],"replies":[{"embeddable":true,"href":"http:\/\/www.locacaodemaquinas.com.br\/site\/wp-json\/wp\/v2\/comments?post=1659"}],"wp:featuredmedia":[{"embeddable":true,"href":"http:\/\/www.locacaodemaquinas.com.br\/site\/wp-json\/wp\/v2\/media\/1651"}],"wp:attachment":[{"href":"http:\/\/www.locacaodemaquinas.com.br\/site\/wp-json\/wp\/v2\/media?parent=1659"}],"wp:term":[{"taxonomy":"product_cat","embeddable":true,"href":"http:\/\/www.locacaodemaquinas.com.br\/site\/wp-json\/wp\/v2\/product_cat?post=1659"},{"taxonomy":"product_tag","embeddable":true,"href":"http:\/\/www.locacaodemaquinas.com.br\/site\/wp-json\/wp\/v2\/product_tag?post=1659"}],"curies":[{"name":"wp","href":"https:\/\/api.w.org\/{rel}","templated":true}]}}