{"id":1713,"date":"2022-04-27T10:39:17","date_gmt":"2022-04-27T13:39:17","guid":{"rendered":"http:\/\/www.locacaodemaquinas.com.br\/site\/?post_type=product&#038;p=1713"},"modified":"2025-10-16T17:56:33","modified_gmt":"2025-10-16T20:56:33","slug":"folha-de-lixa-ferro-k246-g80-norton","status":"publish","type":"product","link":"http:\/\/www.locacaodemaquinas.com.br\/site\/loja\/venda\/abrasivos-e-escovas\/folha-de-lixa-ferro-k246-g80-norton\/","title":{"rendered":"Folha de Lixa Ferro K246 &#8211; Norton"},"content":{"rendered":"","protected":false},"excerpt":{"rendered":"<p>A Folha de Lixa Ferro K246 \u00e9 uma lixa de pano com gr\u00e3os de \u00d3xido de Alum\u00ednio Marrom\u00a0indicada para o lixamento de metais e em opera\u00e7\u00f5es de maior remo\u00e7\u00e3o de material, nas quais s\u00e3o necess\u00e1rias uma lixa com maior resist\u00eancia.<\/p>\n<p>\u00c9 recomendada para limpeza e remo\u00e7\u00e3o completa de oxida\u00e7\u00f5es, tintas e vernizes, acabamento em massa pl\u00e1stica e nivelamento de superf\u00edcies.<\/p>\n","protected":false},"featured_media":1696,"comment_status":"open","ping_status":"closed","template":"","meta":[],"product_cat":[45,508],"product_tag":[531,536,533],"acf":[],"_links":{"self":[{"href":"http:\/\/www.locacaodemaquinas.com.br\/site\/wp-json\/wp\/v2\/product\/1713"}],"collection":[{"href":"http:\/\/www.locacaodemaquinas.com.br\/site\/wp-json\/wp\/v2\/product"}],"about":[{"href":"http:\/\/www.locacaodemaquinas.com.br\/site\/wp-json\/wp\/v2\/types\/product"}],"replies":[{"embeddable":true,"href":"http:\/\/www.locacaodemaquinas.com.br\/site\/wp-json\/wp\/v2\/comments?post=1713"}],"wp:featuredmedia":[{"embeddable":true,"href":"http:\/\/www.locacaodemaquinas.com.br\/site\/wp-json\/wp\/v2\/media\/1696"}],"wp:attachment":[{"href":"http:\/\/www.locacaodemaquinas.com.br\/site\/wp-json\/wp\/v2\/media?parent=1713"}],"wp:term":[{"taxonomy":"product_cat","embeddable":true,"href":"http:\/\/www.locacaodemaquinas.com.br\/site\/wp-json\/wp\/v2\/product_cat?post=1713"},{"taxonomy":"product_tag","embeddable":true,"href":"http:\/\/www.locacaodemaquinas.com.br\/site\/wp-json\/wp\/v2\/product_tag?post=1713"}],"curies":[{"name":"wp","href":"https:\/\/api.w.org\/{rel}","templated":true}]}}