{"id":1726,"date":"2022-04-27T10:47:17","date_gmt":"2022-04-27T13:47:17","guid":{"rendered":"http:\/\/www.locacaodemaquinas.com.br\/site\/?post_type=product&#038;p=1726"},"modified":"2025-10-16T17:54:32","modified_gmt":"2025-10-16T20:54:32","slug":"folha-de-lixa-madeira-a237-g80-norton","status":"publish","type":"product","link":"http:\/\/www.locacaodemaquinas.com.br\/site\/loja\/venda\/abrasivos-e-escovas\/folha-de-lixa-madeira-a237-g80-norton\/","title":{"rendered":"Folha de Lixa Madeira A237 &#8211; Norton"},"content":{"rendered":"","protected":false},"excerpt":{"rendered":"<p>A Folha de Lixa Madeira A237 \u00e9 uma lixa de papel com gr\u00e3o \u00d3xido de Alum\u00ednio Marrom indicada para aplica\u00e7\u00f5es a seco no lixamento de m\u00f3veis e madeiras, permitindo uma melhor remo\u00e7\u00e3o de material e acabamento das pe\u00e7as em superf\u00edcies de madeira no geral.<\/p>\n<p>Utilizada na remo\u00e7\u00e3o de rebarbas, essa lixa reduz\u00a0imperfei\u00e7\u00f5es e garante\u00a0um excelente resultado final.<\/p>\n<p>Seu costado de papel permite maior flexibilidade durante a aplica\u00e7\u00e3o.<\/p>\n","protected":false},"featured_media":1693,"comment_status":"open","ping_status":"closed","template":"","meta":[],"product_cat":[45,508],"product_tag":[531,537,533],"acf":[],"_links":{"self":[{"href":"http:\/\/www.locacaodemaquinas.com.br\/site\/wp-json\/wp\/v2\/product\/1726"}],"collection":[{"href":"http:\/\/www.locacaodemaquinas.com.br\/site\/wp-json\/wp\/v2\/product"}],"about":[{"href":"http:\/\/www.locacaodemaquinas.com.br\/site\/wp-json\/wp\/v2\/types\/product"}],"replies":[{"embeddable":true,"href":"http:\/\/www.locacaodemaquinas.com.br\/site\/wp-json\/wp\/v2\/comments?post=1726"}],"wp:featuredmedia":[{"embeddable":true,"href":"http:\/\/www.locacaodemaquinas.com.br\/site\/wp-json\/wp\/v2\/media\/1693"}],"wp:attachment":[{"href":"http:\/\/www.locacaodemaquinas.com.br\/site\/wp-json\/wp\/v2\/media?parent=1726"}],"wp:term":[{"taxonomy":"product_cat","embeddable":true,"href":"http:\/\/www.locacaodemaquinas.com.br\/site\/wp-json\/wp\/v2\/product_cat?post=1726"},{"taxonomy":"product_tag","embeddable":true,"href":"http:\/\/www.locacaodemaquinas.com.br\/site\/wp-json\/wp\/v2\/product_tag?post=1726"}],"curies":[{"name":"wp","href":"https:\/\/api.w.org\/{rel}","templated":true}]}}