{"id":1749,"date":"2022-04-27T15:56:45","date_gmt":"2022-04-27T18:56:45","guid":{"rendered":"http:\/\/www.locacaodemaquinas.com.br\/site\/?post_type=product&#038;p=1749"},"modified":"2025-10-16T17:45:29","modified_gmt":"2025-10-16T20:45:29","slug":"lixa-ferro-dat2-p80-230-x-280mm-dewalt","status":"publish","type":"product","link":"http:\/\/www.locacaodemaquinas.com.br\/site\/loja\/principais-marcas\/marca-dewalt\/lixa-ferro-dat2-p80-230-x-280mm-dewalt\/","title":{"rendered":"Lixa Ferro DAT2 (230 x 280mm) &#8211; DEWALT"},"content":{"rendered":"<p style=\"font-weight: 400;\">Com costado inovador, o modelo garante desempenho 35% superior ao dos convencionais, com costado de tecido.<\/p>\n<p style=\"font-weight: 400;\">Com alta capacidade de remo\u00e7\u00e3o e resist\u00eancia mec\u00e2nica, o lan\u00e7amento \u00e9 muito eficiente na remo\u00e7\u00e3o de materiais, de ferrugem, na rebarba\u00e7\u00e3o, na prepara\u00e7\u00e3o de superf\u00edcies, no acabamento e na limpeza. \u00c9 ideal para trabalhos em alum\u00ednio, a\u00e7o carbono, metais em geral, a\u00e7o inoxid\u00e1vel e ligas de metais duros, pintura, madeira e ferrugem.<\/p>\n<p style=\"font-weight: 400;\">Utiliz\u00e1vel manualmente ou em lixadeiras, j\u00e1 que as folhas possuem pr\u00e9-corte, a Lixa Ferro DAT2 tem alta resist\u00eancia ao rasgo e ao empastamento em metais e madeira, al\u00e9m de ser resistente ao lixamento com \u00e1gua. Por ser flex\u00edvel, adapta-se facilmente a pe\u00e7as com curvatura.<\/p>\n<p style=\"font-weight: 400;\">Pensando em manter as propriedades do produto por mais tempo, proteg\u00ea-lo do da umidade e evitar curvaturas antes do uso, a DEWALT desenvolveu embalagens especiais para preservar as lixas &#8211; cada uma possui 25 folhas de 230x280mm.<\/p>\n","protected":false},"excerpt":{"rendered":"<p><b><strong>Lixa Ferro DAT2,<\/strong><\/b>\u00a0considerada a mais resistente do mercado.<\/p>\n","protected":false},"featured_media":1732,"comment_status":"open","ping_status":"closed","template":"","meta":[],"product_cat":[342,347,45,508],"product_tag":[37,531,536],"acf":[],"_links":{"self":[{"href":"http:\/\/www.locacaodemaquinas.com.br\/site\/wp-json\/wp\/v2\/product\/1749"}],"collection":[{"href":"http:\/\/www.locacaodemaquinas.com.br\/site\/wp-json\/wp\/v2\/product"}],"about":[{"href":"http:\/\/www.locacaodemaquinas.com.br\/site\/wp-json\/wp\/v2\/types\/product"}],"replies":[{"embeddable":true,"href":"http:\/\/www.locacaodemaquinas.com.br\/site\/wp-json\/wp\/v2\/comments?post=1749"}],"wp:featuredmedia":[{"embeddable":true,"href":"http:\/\/www.locacaodemaquinas.com.br\/site\/wp-json\/wp\/v2\/media\/1732"}],"wp:attachment":[{"href":"http:\/\/www.locacaodemaquinas.com.br\/site\/wp-json\/wp\/v2\/media?parent=1749"}],"wp:term":[{"taxonomy":"product_cat","embeddable":true,"href":"http:\/\/www.locacaodemaquinas.com.br\/site\/wp-json\/wp\/v2\/product_cat?post=1749"},{"taxonomy":"product_tag","embeddable":true,"href":"http:\/\/www.locacaodemaquinas.com.br\/site\/wp-json\/wp\/v2\/product_tag?post=1749"}],"curies":[{"name":"wp","href":"https:\/\/api.w.org\/{rel}","templated":true}]}}