{"id":1770,"date":"2022-05-02T17:16:29","date_gmt":"2022-05-02T20:16:29","guid":{"rendered":"http:\/\/www.locacaodemaquinas.com.br\/site\/?post_type=product&#038;p=1770"},"modified":"2025-10-16T17:45:03","modified_gmt":"2025-10-16T20:45:03","slug":"folha-de-lixa-massa-a257-g80-norton","status":"publish","type":"product","link":"http:\/\/www.locacaodemaquinas.com.br\/site\/loja\/venda\/abrasivos-e-escovas\/folha-de-lixa-massa-a257-g80-norton\/","title":{"rendered":"Folha de Lixa Massa A257 &#8211; Norton"},"content":{"rendered":"","protected":false},"excerpt":{"rendered":"<p>A Folha de Lixa Massa A257 \u00e9 uma lixa de papel leve com gr\u00e3o de \u00d3xido de Alum\u00ednio Marrom indicada principalmente para lixamento de paredes na prepara\u00e7\u00e3o para pintura e para o lixamento de madeiras.<\/p>\n<p>Utilizada na remo\u00e7\u00e3o de imperfei\u00e7\u00f5es e no alinhamento da massa corrida, a lixa proporciona\u00a0um excelente acabamento.<\/p>\n","protected":false},"featured_media":1756,"comment_status":"open","ping_status":"closed","template":"","meta":[],"product_cat":[45,508],"product_tag":[531,538,533],"acf":[],"_links":{"self":[{"href":"http:\/\/www.locacaodemaquinas.com.br\/site\/wp-json\/wp\/v2\/product\/1770"}],"collection":[{"href":"http:\/\/www.locacaodemaquinas.com.br\/site\/wp-json\/wp\/v2\/product"}],"about":[{"href":"http:\/\/www.locacaodemaquinas.com.br\/site\/wp-json\/wp\/v2\/types\/product"}],"replies":[{"embeddable":true,"href":"http:\/\/www.locacaodemaquinas.com.br\/site\/wp-json\/wp\/v2\/comments?post=1770"}],"wp:featuredmedia":[{"embeddable":true,"href":"http:\/\/www.locacaodemaquinas.com.br\/site\/wp-json\/wp\/v2\/media\/1756"}],"wp:attachment":[{"href":"http:\/\/www.locacaodemaquinas.com.br\/site\/wp-json\/wp\/v2\/media?parent=1770"}],"wp:term":[{"taxonomy":"product_cat","embeddable":true,"href":"http:\/\/www.locacaodemaquinas.com.br\/site\/wp-json\/wp\/v2\/product_cat?post=1770"},{"taxonomy":"product_tag","embeddable":true,"href":"http:\/\/www.locacaodemaquinas.com.br\/site\/wp-json\/wp\/v2\/product_tag?post=1770"}],"curies":[{"name":"wp","href":"https:\/\/api.w.org\/{rel}","templated":true}]}}