{"id":1791,"date":"2022-05-03T10:37:33","date_gmt":"2022-05-03T13:37:33","guid":{"rendered":"http:\/\/www.locacaodemaquinas.com.br\/site\/?post_type=product&#038;p=1791"},"modified":"2025-10-16T17:45:43","modified_gmt":"2025-10-16T20:45:43","slug":"lixa-massa-madeira-das2-p80-230-x-280mm-dewalt","status":"publish","type":"product","link":"http:\/\/www.locacaodemaquinas.com.br\/site\/loja\/principais-marcas\/marca-dewalt\/lixa-massa-madeira-das2-p80-230-x-280mm-dewalt\/","title":{"rendered":"Lixa Massa\/Madeira DAS2 (230 x 280mm) &#8211; DEWALT"},"content":{"rendered":"","protected":false},"excerpt":{"rendered":"<p>Excelente Lixa da Dewalt, s\u00e3o revestidas com tecnologia antiempastante para lixamento \u00e0 seco, proporcionando alta velocidade de remo\u00e7\u00e3o, alta resist\u00eancia ao rasgo e excelente acabamento.<\/p>\n<p>S\u00e3o aptas para aplica\u00e7\u00e3o \u00famida (resistente a \u00e1gua) e seca.<\/p>\n","protected":false},"featured_media":1777,"comment_status":"open","ping_status":"closed","template":"","meta":[],"product_cat":[342,347,45,508],"product_tag":[37,531,537,538],"acf":[],"_links":{"self":[{"href":"http:\/\/www.locacaodemaquinas.com.br\/site\/wp-json\/wp\/v2\/product\/1791"}],"collection":[{"href":"http:\/\/www.locacaodemaquinas.com.br\/site\/wp-json\/wp\/v2\/product"}],"about":[{"href":"http:\/\/www.locacaodemaquinas.com.br\/site\/wp-json\/wp\/v2\/types\/product"}],"replies":[{"embeddable":true,"href":"http:\/\/www.locacaodemaquinas.com.br\/site\/wp-json\/wp\/v2\/comments?post=1791"}],"wp:featuredmedia":[{"embeddable":true,"href":"http:\/\/www.locacaodemaquinas.com.br\/site\/wp-json\/wp\/v2\/media\/1777"}],"wp:attachment":[{"href":"http:\/\/www.locacaodemaquinas.com.br\/site\/wp-json\/wp\/v2\/media?parent=1791"}],"wp:term":[{"taxonomy":"product_cat","embeddable":true,"href":"http:\/\/www.locacaodemaquinas.com.br\/site\/wp-json\/wp\/v2\/product_cat?post=1791"},{"taxonomy":"product_tag","embeddable":true,"href":"http:\/\/www.locacaodemaquinas.com.br\/site\/wp-json\/wp\/v2\/product_tag?post=1791"}],"curies":[{"name":"wp","href":"https:\/\/api.w.org\/{rel}","templated":true}]}}