{"id":1822,"date":"2022-05-05T10:44:20","date_gmt":"2022-05-05T13:44:20","guid":{"rendered":"http:\/\/www.locacaodemaquinas.com.br\/site\/?post_type=product&#038;p=1822"},"modified":"2025-10-16T17:38:48","modified_gmt":"2025-10-16T20:38:48","slug":"cinta-de-lixa-estreita-w427-g80-610-x-75-mm-norton-4","status":"publish","type":"product","link":"http:\/\/www.locacaodemaquinas.com.br\/site\/loja\/venda\/abrasivos-e-escovas\/cinta-de-lixa-estreita-w427-g80-610-x-75-mm-norton-4\/","title":{"rendered":"Cinta de Lixa Estreita W427 (610 x 75 mm) &#8211; Norton"},"content":{"rendered":"","protected":false},"excerpt":{"rendered":"<p>A Cinta de Lixa Estreita W427 \u00e9 uma lixa de pano com gr\u00e3o Carbeto de Sil\u00edcio indicada para grande utiliza\u00e7\u00e3o em vidros, marmorarias e pedras em geral.<\/p>\n","protected":false},"featured_media":1805,"comment_status":"open","ping_status":"closed","template":"","meta":[],"product_cat":[45,508],"product_tag":[541,533,542],"acf":[],"_links":{"self":[{"href":"http:\/\/www.locacaodemaquinas.com.br\/site\/wp-json\/wp\/v2\/product\/1822"}],"collection":[{"href":"http:\/\/www.locacaodemaquinas.com.br\/site\/wp-json\/wp\/v2\/product"}],"about":[{"href":"http:\/\/www.locacaodemaquinas.com.br\/site\/wp-json\/wp\/v2\/types\/product"}],"replies":[{"embeddable":true,"href":"http:\/\/www.locacaodemaquinas.com.br\/site\/wp-json\/wp\/v2\/comments?post=1822"}],"wp:featuredmedia":[{"embeddable":true,"href":"http:\/\/www.locacaodemaquinas.com.br\/site\/wp-json\/wp\/v2\/media\/1805"}],"wp:attachment":[{"href":"http:\/\/www.locacaodemaquinas.com.br\/site\/wp-json\/wp\/v2\/media?parent=1822"}],"wp:term":[{"taxonomy":"product_cat","embeddable":true,"href":"http:\/\/www.locacaodemaquinas.com.br\/site\/wp-json\/wp\/v2\/product_cat?post=1822"},{"taxonomy":"product_tag","embeddable":true,"href":"http:\/\/www.locacaodemaquinas.com.br\/site\/wp-json\/wp\/v2\/product_tag?post=1822"}],"curies":[{"name":"wp","href":"https:\/\/api.w.org\/{rel}","templated":true}]}}