{"id":1843,"date":"2022-05-05T16:42:21","date_gmt":"2022-05-05T19:42:21","guid":{"rendered":"http:\/\/www.locacaodemaquinas.com.br\/site\/?post_type=product&#038;p=1843"},"modified":"2025-10-16T17:37:33","modified_gmt":"2025-10-16T20:37:33","slug":"cinta-de-lixa-estreita-k121-g80-533-x-75-mm-norton","status":"publish","type":"product","link":"http:\/\/www.locacaodemaquinas.com.br\/site\/loja\/venda\/abrasivos-e-escovas\/cinta-de-lixa-estreita-k121-g80-533-x-75-mm-norton\/","title":{"rendered":"Cinta de Lixa Estreita K121 (533 x 75 mm) &#8211; Norton"},"content":{"rendered":"","protected":false},"excerpt":{"rendered":"<p>A Cinta de Lixa Estreita K121 feita com gr\u00e3os de \u00d3xido de Alum\u00ednio Branco, \u00e9 indicada para lixamento mecanizado de madeiras em geral, sendo recomendada apenas para trabalhos em pe\u00e7as planas.<\/p>\n<p>\u00c9 largamente utilizada em lixadeiras port\u00e1teis, e possui costado de pano que proporciona uma maior resist\u00eancia e rendimento.<\/p>\n","protected":false},"featured_media":1827,"comment_status":"open","ping_status":"closed","template":"","meta":[],"product_cat":[45,508],"product_tag":[541,543,533],"acf":[],"_links":{"self":[{"href":"http:\/\/www.locacaodemaquinas.com.br\/site\/wp-json\/wp\/v2\/product\/1843"}],"collection":[{"href":"http:\/\/www.locacaodemaquinas.com.br\/site\/wp-json\/wp\/v2\/product"}],"about":[{"href":"http:\/\/www.locacaodemaquinas.com.br\/site\/wp-json\/wp\/v2\/types\/product"}],"replies":[{"embeddable":true,"href":"http:\/\/www.locacaodemaquinas.com.br\/site\/wp-json\/wp\/v2\/comments?post=1843"}],"wp:featuredmedia":[{"embeddable":true,"href":"http:\/\/www.locacaodemaquinas.com.br\/site\/wp-json\/wp\/v2\/media\/1827"}],"wp:attachment":[{"href":"http:\/\/www.locacaodemaquinas.com.br\/site\/wp-json\/wp\/v2\/media?parent=1843"}],"wp:term":[{"taxonomy":"product_cat","embeddable":true,"href":"http:\/\/www.locacaodemaquinas.com.br\/site\/wp-json\/wp\/v2\/product_cat?post=1843"},{"taxonomy":"product_tag","embeddable":true,"href":"http:\/\/www.locacaodemaquinas.com.br\/site\/wp-json\/wp\/v2\/product_tag?post=1843"}],"curies":[{"name":"wp","href":"https:\/\/api.w.org\/{rel}","templated":true}]}}