{"id":1900,"date":"2022-05-11T10:51:19","date_gmt":"2022-05-11T13:51:19","guid":{"rendered":"http:\/\/www.locacaodemaquinas.com.br\/site\/?post_type=product&#038;p=1900"},"modified":"2025-10-16T17:27:57","modified_gmt":"2025-10-16T20:27:57","slug":"disco-de-lixa-velcro-5-80-com-8-furos-mtx","status":"publish","type":"product","link":"http:\/\/www.locacaodemaquinas.com.br\/site\/loja\/venda\/abrasivos-e-escovas\/disco-de-lixa-velcro-5-80-com-8-furos-mtx\/","title":{"rendered":"Disco de Lixa Velcro 5&#8243; com 8 furos &#8211; MTX"},"content":{"rendered":"<p>Metal \/ Madeira \/ Pl\u00e1stico<\/p>\n","protected":false},"excerpt":{"rendered":"<p>Aplica\u00e7\u00f5es em estruturas met\u00e1licas, ind\u00fastria naval, fundi\u00e7\u00f5es de metais ferrosos e ind\u00fastria automobil\u00edstica.<\/p>\n<p>Utilizado em m\u00e1quinas angulares rotativas de acionamento el\u00e9trico ou pneum\u00e1tico.<\/p>\n","protected":false},"featured_media":1889,"comment_status":"open","ping_status":"closed","template":"","meta":[],"product_cat":[45,508],"product_tag":[540,547,548],"acf":[],"_links":{"self":[{"href":"http:\/\/www.locacaodemaquinas.com.br\/site\/wp-json\/wp\/v2\/product\/1900"}],"collection":[{"href":"http:\/\/www.locacaodemaquinas.com.br\/site\/wp-json\/wp\/v2\/product"}],"about":[{"href":"http:\/\/www.locacaodemaquinas.com.br\/site\/wp-json\/wp\/v2\/types\/product"}],"replies":[{"embeddable":true,"href":"http:\/\/www.locacaodemaquinas.com.br\/site\/wp-json\/wp\/v2\/comments?post=1900"}],"wp:featuredmedia":[{"embeddable":true,"href":"http:\/\/www.locacaodemaquinas.com.br\/site\/wp-json\/wp\/v2\/media\/1889"}],"wp:attachment":[{"href":"http:\/\/www.locacaodemaquinas.com.br\/site\/wp-json\/wp\/v2\/media?parent=1900"}],"wp:term":[{"taxonomy":"product_cat","embeddable":true,"href":"http:\/\/www.locacaodemaquinas.com.br\/site\/wp-json\/wp\/v2\/product_cat?post=1900"},{"taxonomy":"product_tag","embeddable":true,"href":"http:\/\/www.locacaodemaquinas.com.br\/site\/wp-json\/wp\/v2\/product_tag?post=1900"}],"curies":[{"name":"wp","href":"https:\/\/api.w.org\/{rel}","templated":true}]}}