{"id":1924,"date":"2022-05-11T17:55:28","date_gmt":"2022-05-11T20:55:28","guid":{"rendered":"http:\/\/www.locacaodemaquinas.com.br\/site\/?post_type=product&#038;p=1924"},"modified":"2025-10-20T17:35:33","modified_gmt":"2025-10-20T20:35:33","slug":"disco-de-lixa-velcro-5-sem-furo-grao-40-antifill-dewalt","status":"publish","type":"product","link":"http:\/\/www.locacaodemaquinas.com.br\/site\/loja\/principais-marcas\/marca-dewalt\/disco-de-lixa-velcro-5-sem-furo-grao-40-antifill-dewalt\/","title":{"rendered":"Disco De Lixa Velcro 5&#8243; Sem Furo Antifill &#8211; Dewalt"},"content":{"rendered":"","protected":false},"excerpt":{"rendered":"<p>&#8211; Com revestimento antiempastante Antifill, que oferece mais durabilidade que as lixas sem revestimento, pois o Antifill evita o empastamento na lixa<\/p>\n<p>&#8211; Base em velcro felpudo, para f\u00e1cil troca e ajuste<\/p>\n<p>&#8211; Diferente das lixas comuns, permite lixamento de primer, massa pl\u00e1stica, pol\u00edmeros, pintura (tinta e verniz) e lixamento de verniz<\/p>\n<p>&#8211; Indicado para lixadeiras pneum\u00e1ticas, el\u00e9tricas e outras que utilizem discos de 125mm sem furos<\/p>\n<p>&#8211; Possui alta velocidade de remo\u00e7\u00e3o, alta resist\u00eancia ao rasgo e excelente acabamento, fatores que geram maior tempo de aproveitamento do produto<\/p>\n<p>&#8211; Com costado antideslizante e tratado com l\u00e1tex, \u00e9 ideal para prepara\u00e7\u00e3o de superf\u00edcie, remo\u00e7\u00e3o de material, acabamento e limpeza, em trabalhos com tinta, massa pl\u00e1stica e madeira<\/p>\n","protected":false},"featured_media":1925,"comment_status":"open","ping_status":"closed","template":"","meta":[],"product_cat":[347,45,508],"product_tag":[37,540],"acf":[],"_links":{"self":[{"href":"http:\/\/www.locacaodemaquinas.com.br\/site\/wp-json\/wp\/v2\/product\/1924"}],"collection":[{"href":"http:\/\/www.locacaodemaquinas.com.br\/site\/wp-json\/wp\/v2\/product"}],"about":[{"href":"http:\/\/www.locacaodemaquinas.com.br\/site\/wp-json\/wp\/v2\/types\/product"}],"replies":[{"embeddable":true,"href":"http:\/\/www.locacaodemaquinas.com.br\/site\/wp-json\/wp\/v2\/comments?post=1924"}],"wp:featuredmedia":[{"embeddable":true,"href":"http:\/\/www.locacaodemaquinas.com.br\/site\/wp-json\/wp\/v2\/media\/1925"}],"wp:attachment":[{"href":"http:\/\/www.locacaodemaquinas.com.br\/site\/wp-json\/wp\/v2\/media?parent=1924"}],"wp:term":[{"taxonomy":"product_cat","embeddable":true,"href":"http:\/\/www.locacaodemaquinas.com.br\/site\/wp-json\/wp\/v2\/product_cat?post=1924"},{"taxonomy":"product_tag","embeddable":true,"href":"http:\/\/www.locacaodemaquinas.com.br\/site\/wp-json\/wp\/v2\/product_tag?post=1924"}],"curies":[{"name":"wp","href":"https:\/\/api.w.org\/{rel}","templated":true}]}}