{"id":1929,"date":"2022-05-12T16:41:45","date_gmt":"2022-05-12T19:41:45","guid":{"rendered":"http:\/\/www.locacaodemaquinas.com.br\/site\/?post_type=product&#038;p=1929"},"modified":"2023-01-23T16:50:15","modified_gmt":"2023-01-23T19:50:15","slug":"kit-5-discos-lixa-c-velcro-5-g120-8-furos-dewalt","status":"publish","type":"product","link":"http:\/\/www.locacaodemaquinas.com.br\/site\/loja\/principais-marcas\/marca-dewalt\/kit-5-discos-lixa-c-velcro-5-g120-8-furos-dewalt\/","title":{"rendered":"Kit 5 Discos Lixa c\/ Velcro 5&#8243; G120 (8 furos) &#8211; Dewalt"},"content":{"rendered":"<p>CARACTER\u00cdSTICAS<\/p>\n<div id=\"features\" class=\"ork-product-features\">\n<ul>\n<li>Gr\u00e3o de \u00f3xido de alum\u00ednio premium, remove material com mais efici\u00eancia.<\/li>\n<li>Costado quimicamente tratado, mais resistente a rasgos.<\/li>\n<li>Com 8 furos para extra\u00e7\u00e3o do p\u00f3.<\/li>\n<\/ul>\n<\/div>\n<div id=\"applications\" class=\"ork-product-applications\">\n<h3>APLICA\u00c7\u00d5ES<\/h3>\n<ul>\n<li>Prepara\u00e7\u00e3o para pintura.<\/li>\n<li>Verniz.<\/li>\n<li>Madeira.<\/li>\n<\/ul>\n<\/div>\n","protected":false},"excerpt":{"rendered":"<div>Gr\u00e3os de \u00f3xido de alum\u00ednio premium para r\u00e1pida remo\u00e7\u00e3o de material e um costado especialmente tratado, resistente ao rasgo.<\/div>\n<div class=\"btn-controllers\"><\/div>\n","protected":false},"featured_media":1931,"comment_status":"open","ping_status":"closed","template":"","meta":[],"product_cat":[342,347,45,508],"product_tag":[37,540,548],"acf":[],"_links":{"self":[{"href":"http:\/\/www.locacaodemaquinas.com.br\/site\/wp-json\/wp\/v2\/product\/1929"}],"collection":[{"href":"http:\/\/www.locacaodemaquinas.com.br\/site\/wp-json\/wp\/v2\/product"}],"about":[{"href":"http:\/\/www.locacaodemaquinas.com.br\/site\/wp-json\/wp\/v2\/types\/product"}],"replies":[{"embeddable":true,"href":"http:\/\/www.locacaodemaquinas.com.br\/site\/wp-json\/wp\/v2\/comments?post=1929"}],"wp:featuredmedia":[{"embeddable":true,"href":"http:\/\/www.locacaodemaquinas.com.br\/site\/wp-json\/wp\/v2\/media\/1931"}],"wp:attachment":[{"href":"http:\/\/www.locacaodemaquinas.com.br\/site\/wp-json\/wp\/v2\/media?parent=1929"}],"wp:term":[{"taxonomy":"product_cat","embeddable":true,"href":"http:\/\/www.locacaodemaquinas.com.br\/site\/wp-json\/wp\/v2\/product_cat?post=1929"},{"taxonomy":"product_tag","embeddable":true,"href":"http:\/\/www.locacaodemaquinas.com.br\/site\/wp-json\/wp\/v2\/product_tag?post=1929"}],"curies":[{"name":"wp","href":"https:\/\/api.w.org\/{rel}","templated":true}]}}