{"id":2077,"date":"2022-06-09T16:02:29","date_gmt":"2022-06-09T19:02:29","guid":{"rendered":"http:\/\/www.locacaodemaquinas.com.br\/site\/?post_type=product&#038;p=2077"},"modified":"2022-06-14T16:34:13","modified_gmt":"2022-06-14T19:34:13","slug":"cola-branca-pva-extra-1kg-tekbond","status":"publish","type":"product","link":"http:\/\/www.locacaodemaquinas.com.br\/site\/loja\/venda\/adesivos-vedantes-quimicos\/cola-branca-pva-extra-1kg-tekbond\/","title":{"rendered":"Cola Branca PVA Extra 1kg &#8211; TEKBOND"},"content":{"rendered":"<p>CARACTER\u00cdSTICAS:<br \/>\n\u00c9 um adesivo a base de PVA \u2013 Acetato de Polivinila, especialmente desenvolvida para colagens em madeira onde se requeira um excelente acabamento e uma colagem perfeita.<\/p>\n<p>INSTRU\u00c7\u00d5ES DE USO:<br \/>\n1. Aplicar uma camada uniforme do adesivo em uma das superf\u00edcies, em seguida fa\u00e7a a uni\u00e3o das pe\u00e7as antes da secagem do adesivo e prense.<\/p>\n<p>2. A cura total \u00e9 de 24 a 48 horas em fun\u00e7\u00e3o do clima, quantidade de adesivo e peso das pe\u00e7as a serem fixadas.<\/p>\n","protected":false},"excerpt":{"rendered":"<p>Adere a diversos artefatos de madeira como: F\u00f3rmica, aglomerados, laminados, Duratex, papel, papel\u00e3o, superf\u00edcies porosas em geral. Pode ser utilizada nos processos convencionais de colagem: prensagem a frio e a quente.<\/p>\n","protected":false},"featured_media":2115,"comment_status":"open","ping_status":"closed","template":"","meta":[],"product_cat":[45,509],"product_tag":[562,564,563],"acf":[],"_links":{"self":[{"href":"http:\/\/www.locacaodemaquinas.com.br\/site\/wp-json\/wp\/v2\/product\/2077"}],"collection":[{"href":"http:\/\/www.locacaodemaquinas.com.br\/site\/wp-json\/wp\/v2\/product"}],"about":[{"href":"http:\/\/www.locacaodemaquinas.com.br\/site\/wp-json\/wp\/v2\/types\/product"}],"replies":[{"embeddable":true,"href":"http:\/\/www.locacaodemaquinas.com.br\/site\/wp-json\/wp\/v2\/comments?post=2077"}],"wp:featuredmedia":[{"embeddable":true,"href":"http:\/\/www.locacaodemaquinas.com.br\/site\/wp-json\/wp\/v2\/media\/2115"}],"wp:attachment":[{"href":"http:\/\/www.locacaodemaquinas.com.br\/site\/wp-json\/wp\/v2\/media?parent=2077"}],"wp:term":[{"taxonomy":"product_cat","embeddable":true,"href":"http:\/\/www.locacaodemaquinas.com.br\/site\/wp-json\/wp\/v2\/product_cat?post=2077"},{"taxonomy":"product_tag","embeddable":true,"href":"http:\/\/www.locacaodemaquinas.com.br\/site\/wp-json\/wp\/v2\/product_tag?post=2077"}],"curies":[{"name":"wp","href":"https:\/\/api.w.org\/{rel}","templated":true}]}}