{"id":2078,"date":"2022-06-09T16:09:42","date_gmt":"2022-06-09T19:09:42","guid":{"rendered":"http:\/\/www.locacaodemaquinas.com.br\/site\/?post_type=product&#038;p=2078"},"modified":"2022-06-14T16:33:26","modified_gmt":"2022-06-14T19:33:26","slug":"cola-madeira-250g-tekbond","status":"publish","type":"product","link":"http:\/\/www.locacaodemaquinas.com.br\/site\/loja\/venda\/adesivos-vedantes-quimicos\/cola-madeira-250g-tekbond\/","title":{"rendered":"Cola Madeira 250g &#8211; TEKBOND"},"content":{"rendered":"<p>CARACTER\u00cdSTICAS:<br \/>\n\u00c9 uma emuls\u00e3o de copol\u00edmero de acetato polivin\u00edlico especial que adere a diversos tipos de substratos e materiais porosos.<\/p>\n<p>INSTRU\u00c7\u00d5ES DE USO:<br \/>\n1. Aplicar uma camada uniforme do adesivo em uma das superf\u00edcies, em seguida fa\u00e7a a uni\u00e3o das pe\u00e7as antes da secagem do adesivo e prense.<\/p>\n<p>2. A cura total \u00e9 de 24 a 48 horas em fun\u00e7\u00e3o do clima, quantidade de adesivo e peso das pe\u00e7as a serem fixadas.<\/p>\n","protected":false},"excerpt":{"rendered":"<p>\u00c9 ideal para colagens e reparos de m\u00f3veis, encaixes, tacos, montagem de conjuntos de madeira e aplica\u00e7\u00f5es de lamina\u00e7\u00e3o a frio.<\/p>\n<p>Excelente ades\u00e3o a materiais porosos, tais como concreto, tecido, couro, t\u00eaxteis, madeira, papel\u00e3o e feltro.<\/p>\n","protected":false},"featured_media":2117,"comment_status":"open","ping_status":"closed","template":"","meta":[],"product_cat":[45,509],"product_tag":[562,565,563],"acf":[],"_links":{"self":[{"href":"http:\/\/www.locacaodemaquinas.com.br\/site\/wp-json\/wp\/v2\/product\/2078"}],"collection":[{"href":"http:\/\/www.locacaodemaquinas.com.br\/site\/wp-json\/wp\/v2\/product"}],"about":[{"href":"http:\/\/www.locacaodemaquinas.com.br\/site\/wp-json\/wp\/v2\/types\/product"}],"replies":[{"embeddable":true,"href":"http:\/\/www.locacaodemaquinas.com.br\/site\/wp-json\/wp\/v2\/comments?post=2078"}],"wp:featuredmedia":[{"embeddable":true,"href":"http:\/\/www.locacaodemaquinas.com.br\/site\/wp-json\/wp\/v2\/media\/2117"}],"wp:attachment":[{"href":"http:\/\/www.locacaodemaquinas.com.br\/site\/wp-json\/wp\/v2\/media?parent=2078"}],"wp:term":[{"taxonomy":"product_cat","embeddable":true,"href":"http:\/\/www.locacaodemaquinas.com.br\/site\/wp-json\/wp\/v2\/product_cat?post=2078"},{"taxonomy":"product_tag","embeddable":true,"href":"http:\/\/www.locacaodemaquinas.com.br\/site\/wp-json\/wp\/v2\/product_tag?post=2078"}],"curies":[{"name":"wp","href":"https:\/\/api.w.org\/{rel}","templated":true}]}}