{"id":2079,"date":"2022-06-09T16:17:03","date_gmt":"2022-06-09T19:17:03","guid":{"rendered":"http:\/\/www.locacaodemaquinas.com.br\/site\/?post_type=product&#038;p=2079"},"modified":"2022-06-14T16:36:45","modified_gmt":"2022-06-14T19:36:45","slug":"cola-de-silicone-para-artesanato-85g-100ml-tekbond","status":"publish","type":"product","link":"http:\/\/www.locacaodemaquinas.com.br\/site\/loja\/venda\/adesivos-vedantes-quimicos\/cola-de-silicone-para-artesanato-85g-100ml-tekbond\/","title":{"rendered":"Cola de Silicone para Artesanato 85g\/100ml &#8211; TEKBOND"},"content":{"rendered":"<p>MODO DE USAR:<br \/>\nCertifique-se de que as superf\u00edcies a serem coladas estejam limpas, secas e livres de oleosidade. Aplique o produto e fa\u00e7a uma leve press\u00e3o nas partes a serem unidas.<\/p>\n<p>PRECAU\u00c7\u00d5ES:<br \/>\nPERIGO, L\u00edquido e vapores altamente inflam\u00e1veis. Em caso de contato com os olhos, enx\u00e1gue cuidadosamente com \u00e1gua durante v\u00e1rios minutos. No caso de lentes de contato remova-as, se for f\u00e1cil. Continue enxaguando. Em caso de contato com a pele (ou com o cabelo), lave com \u00e1gua e sab\u00e3o em abund\u00e2ncia. N\u00e3o coma, beba ou fume durante a utiliza\u00e7\u00e3o deste produto. Em caso de ingest\u00e3o, contate imediatamente um centro de informa\u00e7\u00e3o toxicol\u00f3gica ou um m\u00e9dico. Mantenha fora do alcance das crian\u00e7as.<\/p>\n","protected":false},"excerpt":{"rendered":"<p>A Cola de Silicone Tekbond \u00e9 recomendada para trabalhos art\u00edsticos, especialmente para trabalhos em E.V.A., isopor*, papel, papel\u00e3o, tecidos, esponjas, corti\u00e7as, madeiras, entre outros.<\/p>\n","protected":false},"featured_media":2116,"comment_status":"open","ping_status":"closed","template":"","meta":[],"product_cat":[45,509],"product_tag":[562,566,563],"acf":[],"_links":{"self":[{"href":"http:\/\/www.locacaodemaquinas.com.br\/site\/wp-json\/wp\/v2\/product\/2079"}],"collection":[{"href":"http:\/\/www.locacaodemaquinas.com.br\/site\/wp-json\/wp\/v2\/product"}],"about":[{"href":"http:\/\/www.locacaodemaquinas.com.br\/site\/wp-json\/wp\/v2\/types\/product"}],"replies":[{"embeddable":true,"href":"http:\/\/www.locacaodemaquinas.com.br\/site\/wp-json\/wp\/v2\/comments?post=2079"}],"wp:featuredmedia":[{"embeddable":true,"href":"http:\/\/www.locacaodemaquinas.com.br\/site\/wp-json\/wp\/v2\/media\/2116"}],"wp:attachment":[{"href":"http:\/\/www.locacaodemaquinas.com.br\/site\/wp-json\/wp\/v2\/media?parent=2079"}],"wp:term":[{"taxonomy":"product_cat","embeddable":true,"href":"http:\/\/www.locacaodemaquinas.com.br\/site\/wp-json\/wp\/v2\/product_cat?post=2079"},{"taxonomy":"product_tag","embeddable":true,"href":"http:\/\/www.locacaodemaquinas.com.br\/site\/wp-json\/wp\/v2\/product_tag?post=2079"}],"curies":[{"name":"wp","href":"https:\/\/api.w.org\/{rel}","templated":true}]}}