{"id":2080,"date":"2022-06-09T16:24:17","date_gmt":"2022-06-09T19:24:17","guid":{"rendered":"http:\/\/www.locacaodemaquinas.com.br\/site\/?post_type=product&#038;p=2080"},"modified":"2022-06-14T17:00:45","modified_gmt":"2022-06-14T20:00:45","slug":"cola-pur-500g-tekbond","status":"publish","type":"product","link":"http:\/\/www.locacaodemaquinas.com.br\/site\/loja\/venda\/adesivos-vedantes-quimicos\/cola-pur-500g-tekbond\/","title":{"rendered":"Cola PUR 500g &#8211; TEKBOND"},"content":{"rendered":"<p>CARACTER\u00cdSTICAS:<br \/>\n\u00c9 um adesivo monocomponente \u00e0 base de poliuretano, que cura com a umidade do ar. Oferece alta resist\u00eancia nas colagens, praticidade na fixa\u00e7\u00e3o de pe\u00e7as e resist\u00eancia \u00e0 \u00e1gua.<\/p>\n<p>INSTRU\u00c7\u00d5ES DE USO:<br \/>\n1. Aplique o adesivo em quantidade suficiente para cobrir toda a pe\u00e7a. Pode-se utilizar uma esp\u00e1tula a fim de espalhar o produto at\u00e9 formar uma fina camada sobre a superf\u00edcie, junte as partes e pressione.<\/p>\n<p>2. Depois de unir as superf\u00edcies \u00e9 recomendado deix\u00e1-las pressionadas por 2 horas. A cura total \u00e9 de 24 horas, mas pode variar em rela\u00e7\u00e3o a quantidade de adesivo, umidade e temperatura.<\/p>\n","protected":false},"excerpt":{"rendered":"<p>\u00c9 ideal para fabrica\u00e7\u00e3o de mob\u00edlia, colagem de todos os tipos de madeiras de lei (carvalho, teca e madeiras tropicais), fabrica\u00e7\u00e3o de portas e janelas de madeiras, pode ser utilizado na constru\u00e7\u00e3o e reparo de barcos, pain\u00e9is ac\u00fasticos, escadas, coberturas de paredes, fabrica\u00e7\u00e3o e instala\u00e7\u00e3o de cozinha, entre outros.<\/p>\n","protected":false},"featured_media":2121,"comment_status":"open","ping_status":"closed","template":"","meta":[],"product_cat":[45,509],"product_tag":[562,567,563],"acf":[],"_links":{"self":[{"href":"http:\/\/www.locacaodemaquinas.com.br\/site\/wp-json\/wp\/v2\/product\/2080"}],"collection":[{"href":"http:\/\/www.locacaodemaquinas.com.br\/site\/wp-json\/wp\/v2\/product"}],"about":[{"href":"http:\/\/www.locacaodemaquinas.com.br\/site\/wp-json\/wp\/v2\/types\/product"}],"replies":[{"embeddable":true,"href":"http:\/\/www.locacaodemaquinas.com.br\/site\/wp-json\/wp\/v2\/comments?post=2080"}],"wp:featuredmedia":[{"embeddable":true,"href":"http:\/\/www.locacaodemaquinas.com.br\/site\/wp-json\/wp\/v2\/media\/2121"}],"wp:attachment":[{"href":"http:\/\/www.locacaodemaquinas.com.br\/site\/wp-json\/wp\/v2\/media?parent=2080"}],"wp:term":[{"taxonomy":"product_cat","embeddable":true,"href":"http:\/\/www.locacaodemaquinas.com.br\/site\/wp-json\/wp\/v2\/product_cat?post=2080"},{"taxonomy":"product_tag","embeddable":true,"href":"http:\/\/www.locacaodemaquinas.com.br\/site\/wp-json\/wp\/v2\/product_tag?post=2080"}],"curies":[{"name":"wp","href":"https:\/\/api.w.org\/{rel}","templated":true}]}}