{"id":2085,"date":"2022-06-09T16:58:02","date_gmt":"2022-06-09T19:58:02","guid":{"rendered":"http:\/\/www.locacaodemaquinas.com.br\/site\/?post_type=product&#038;p=2085"},"modified":"2022-06-14T16:42:00","modified_gmt":"2022-06-14T19:42:00","slug":"cola-instantanea-793-20g-tekbond","status":"publish","type":"product","link":"http:\/\/www.locacaodemaquinas.com.br\/site\/loja\/venda\/adesivos-vedantes-quimicos\/cola-instantanea-793-20g-tekbond\/","title":{"rendered":"Cola Instant\u00e2nea 793 20g &#8211;  TEKBOND"},"content":{"rendered":"<p>CARACTER\u00cdSTICAS:<br \/>\n\u00c9 um produto monocomponente e n\u00e3o requer mistura. O processo de cura inicia-se quando uma fina camada de adesivo \u00e9 aplicada entre as superf\u00edcies entrando em contato com a umidade do ar atmosf\u00e9rico.<\/p>\n<p>MODO DE USO:<br \/>\nPara obter um resultado satisfat\u00f3rio, as superf\u00edcies devem estar limpas, isentas de \u00f3leo e sujeira. Deve-se aplicar uma camada fina de adesivo em apenas 1(um) dos substratos a serem colados, pois o excesso prejudica o bom desempenho da colagem.<\/p>\n<p>Ap\u00f3s a aplica\u00e7\u00e3o do adesivo, \u00e9 preciso manter as pe\u00e7as pressionadas por aproximadamente 20 segundos, quando a cura inicial estar\u00e1 conclu\u00edda e a pe\u00e7a poder\u00e1 ser manuseada com seguran\u00e7a. A cura total ocorrer\u00e1 em 24 horas.<\/p>\n<p>Este adesivo \u00e9 indicado para folgas de at\u00e9 0,10mm.<\/p>\n<p>PRECAU\u00c7\u00d5ES:<br \/>\nO excesso de cola prejudica a colagem. Cola a pele e olhos em pouco segundos. Mantenha fora do alcance das crian\u00e7as.<\/p>\n<p>A polimeriza\u00e7\u00e3o do cianoacrilato gera aquecimento. Dependendo da quantidade derramada sobre as roupas, a temperatura sobe o bastante podendo causar queimadura.<\/p>\n","protected":false},"excerpt":{"rendered":"<p>Adere diversos tipos de materiais, como compostos de borracha, EPDM, borracha nitr\u00edlica, neoprene, EVA e Viton. \u00c9 um adesivo multiuso, muito utilizado no setor moveleiro e no setor industrial.<\/p>\n","protected":false},"featured_media":2113,"comment_status":"open","ping_status":"closed","template":"","meta":[],"product_cat":[45,509],"product_tag":[562,571,563],"acf":[],"_links":{"self":[{"href":"http:\/\/www.locacaodemaquinas.com.br\/site\/wp-json\/wp\/v2\/product\/2085"}],"collection":[{"href":"http:\/\/www.locacaodemaquinas.com.br\/site\/wp-json\/wp\/v2\/product"}],"about":[{"href":"http:\/\/www.locacaodemaquinas.com.br\/site\/wp-json\/wp\/v2\/types\/product"}],"replies":[{"embeddable":true,"href":"http:\/\/www.locacaodemaquinas.com.br\/site\/wp-json\/wp\/v2\/comments?post=2085"}],"wp:featuredmedia":[{"embeddable":true,"href":"http:\/\/www.locacaodemaquinas.com.br\/site\/wp-json\/wp\/v2\/media\/2113"}],"wp:attachment":[{"href":"http:\/\/www.locacaodemaquinas.com.br\/site\/wp-json\/wp\/v2\/media?parent=2085"}],"wp:term":[{"taxonomy":"product_cat","embeddable":true,"href":"http:\/\/www.locacaodemaquinas.com.br\/site\/wp-json\/wp\/v2\/product_cat?post=2085"},{"taxonomy":"product_tag","embeddable":true,"href":"http:\/\/www.locacaodemaquinas.com.br\/site\/wp-json\/wp\/v2\/product_tag?post=2085"}],"curies":[{"name":"wp","href":"https:\/\/api.w.org\/{rel}","templated":true}]}}