{"id":2086,"date":"2022-06-09T17:04:37","date_gmt":"2022-06-09T20:04:37","guid":{"rendered":"http:\/\/www.locacaodemaquinas.com.br\/site\/?post_type=product&#038;p=2086"},"modified":"2022-06-14T17:23:53","modified_gmt":"2022-06-14T20:23:53","slug":"veda-calha-aluminio-280g-tekbond","status":"publish","type":"product","link":"http:\/\/www.locacaodemaquinas.com.br\/site\/loja\/principais-marcas\/veda-calha-aluminio-280g-tekbond\/","title":{"rendered":"Veda Calha Alum\u00ednio 280g &#8211; TEKBOND"},"content":{"rendered":"<p>CARACTER\u00cdSTICAS:<br \/>\n\u00c9 um l\u00edquido ultra viscoso que se aplica direta e facilmente sobre as superf\u00edcies a serem unidas e soldadas, promovendo uma perfeita veda\u00e7\u00e3o. O Veda Calha \u00e9 super resistente \u00e0 \u00e1gua, \u00f3leos convencionais e ao oz\u00f4nio. Proporciona montagens de melhor desempenho com qualidade e aumento da vida \u00fatil, significando uma boa redu\u00e7\u00e3o de custos. Oferece grande resist\u00eancia na desmontagem.<\/p>\n<p>INSTRU\u00c7\u00d5ES DE USO:<br \/>\n1. As superf\u00edcies das pe\u00e7as dever\u00e3o estar perfeitamente limpas, portanto \u00e9 importante que sejam removidos o \u00f3leo, ferrugem, graxas e outros elementos contaminantes.<\/p>\n<p>2. Aplique o Veda Calha em local ventilado e aguarde pela evapora\u00e7\u00e3o dos solventes.<\/p>\n<p>3. Mantenha a embalagem sempre fechada a fim de evitar altera\u00e7\u00e3o da viscosidade por evapora\u00e7\u00e3o dos solventes.<\/p>\n<p>4. Evite a inala\u00e7\u00e3o por per\u00edodo prolongado, os solventes contidos poder\u00e3o causar dores de cabe\u00e7a ou tonturas. Se ocorrer, v\u00e1 a um local arejado, se persistir procure orienta\u00e7\u00e3o m\u00e9dica.<\/p>\n<p>5. Os solventes s\u00e3o agressivos a alguns tipos de pl\u00e1sticos, recomendamos testar antes do uso.<\/p>\n<p>6. Cont\u00e9m solventes inflam\u00e1veis, n\u00e3o utilize pr\u00f3ximo ao fogo ou quaisquer outras fontes de calor.<\/p>\n<p>LIMITA\u00c7\u00d5ES DE USO:<br \/>\n1. Para todas as superf\u00edcies que eliminam \u00f3leo;<\/p>\n<p>2. Para movimentos de articula\u00e7\u00e3o maior que 30%;<\/p>\n<p>3. Para montagem de vidro estrutural;<\/p>\n<p>4. Para superf\u00edcies que tenham contato direto com alimentos;<\/p>\n<p>5. N\u00e3o pode ser usado como adesivo estrutural.<\/p>\n","protected":false},"excerpt":{"rendered":"<p>\u00c9 indicado para uni\u00e3o e veda\u00e7\u00e3o de Calhas, Rufos, Telhas, Pingadeiras, Galvanizados, Fibrocimento, entre outros.<\/p>\n","protected":false},"featured_media":2126,"comment_status":"open","ping_status":"closed","template":"","meta":[],"product_cat":[342],"product_tag":[563,572],"acf":[],"_links":{"self":[{"href":"http:\/\/www.locacaodemaquinas.com.br\/site\/wp-json\/wp\/v2\/product\/2086"}],"collection":[{"href":"http:\/\/www.locacaodemaquinas.com.br\/site\/wp-json\/wp\/v2\/product"}],"about":[{"href":"http:\/\/www.locacaodemaquinas.com.br\/site\/wp-json\/wp\/v2\/types\/product"}],"replies":[{"embeddable":true,"href":"http:\/\/www.locacaodemaquinas.com.br\/site\/wp-json\/wp\/v2\/comments?post=2086"}],"wp:featuredmedia":[{"embeddable":true,"href":"http:\/\/www.locacaodemaquinas.com.br\/site\/wp-json\/wp\/v2\/media\/2126"}],"wp:attachment":[{"href":"http:\/\/www.locacaodemaquinas.com.br\/site\/wp-json\/wp\/v2\/media?parent=2086"}],"wp:term":[{"taxonomy":"product_cat","embeddable":true,"href":"http:\/\/www.locacaodemaquinas.com.br\/site\/wp-json\/wp\/v2\/product_cat?post=2086"},{"taxonomy":"product_tag","embeddable":true,"href":"http:\/\/www.locacaodemaquinas.com.br\/site\/wp-json\/wp\/v2\/product_tag?post=2086"}],"curies":[{"name":"wp","href":"https:\/\/api.w.org\/{rel}","templated":true}]}}