{"id":2087,"date":"2022-06-09T17:09:48","date_gmt":"2022-06-09T20:09:48","guid":{"rendered":"http:\/\/www.locacaodemaquinas.com.br\/site\/?post_type=product&#038;p=2087"},"modified":"2022-06-14T17:05:22","modified_gmt":"2022-06-14T20:05:22","slug":"cola-araldite-profissional-23g-tekbond","status":"publish","type":"product","link":"http:\/\/www.locacaodemaquinas.com.br\/site\/loja\/venda\/adesivos-vedantes-quimicos\/cola-araldite-profissional-23g-tekbond\/","title":{"rendered":"Cola Araldite Profissional 90 min 23g &#8211; TEKBOND"},"content":{"rendered":"<p>MODO DE USAR:<br \/>\n1. Limpar as superf\u00edcies a serem coladas, deixando-as isentas de oleosidade, poeira, oxida\u00e7\u00f5es e restos de tintas.<\/p>\n<p>2. Colocar partes iguais de resina e endurecedor, na propor\u00e7\u00e3o de volume de 100:100 (em peso de 100:80 &#8211; 100 partes de resina para 80 partes de endurecedor), sobre uma base plana e limpa.<\/p>\n<p>3. Misturar at\u00e9 obter uma massa homog\u00eanea.<\/p>\n<p>4. Utilizar a mistura em at\u00e9 60 minutos.<\/p>\n<p>5. Aplicar uma camada fina da mistura sobre as duas partes, pressionar e aguardar a secagem completa.<\/p>\n<p>6. Fechar cada tubo com a sua respectiva tampa. A invers\u00e3o da tampa, mesmo que moment\u00e2nea, pode causar a colagem da mesma.<\/p>\n<p>7. Ap\u00f3s o uso, lavar as m\u00e3os com \u00e1gua e sab\u00e3o. A cura total ocorre em 24 horas.<\/p>\n","protected":false},"excerpt":{"rendered":"<p>Araldite\u00ae Profissional \u00e9 indicado para colar superf\u00edcies de materiais lisos, porosos ou irregulares como azulejos, madeira, vidro, concreto, fibras naturais, pedras, a maioria dos pl\u00e1sticos r\u00edgidos (exceto polipropileno, polietileno e Nylon\u00ae), metais e outros materiais. Resiste a temperaturas de at\u00e9 80\u00b0C, secagem inicial em 90 minutos e secagem total em 24 horas.<\/p>\n","protected":false},"featured_media":2125,"comment_status":"open","ping_status":"closed","template":"","meta":[],"product_cat":[45,509],"product_tag":[562,573,563],"acf":[],"_links":{"self":[{"href":"http:\/\/www.locacaodemaquinas.com.br\/site\/wp-json\/wp\/v2\/product\/2087"}],"collection":[{"href":"http:\/\/www.locacaodemaquinas.com.br\/site\/wp-json\/wp\/v2\/product"}],"about":[{"href":"http:\/\/www.locacaodemaquinas.com.br\/site\/wp-json\/wp\/v2\/types\/product"}],"replies":[{"embeddable":true,"href":"http:\/\/www.locacaodemaquinas.com.br\/site\/wp-json\/wp\/v2\/comments?post=2087"}],"wp:featuredmedia":[{"embeddable":true,"href":"http:\/\/www.locacaodemaquinas.com.br\/site\/wp-json\/wp\/v2\/media\/2125"}],"wp:attachment":[{"href":"http:\/\/www.locacaodemaquinas.com.br\/site\/wp-json\/wp\/v2\/media?parent=2087"}],"wp:term":[{"taxonomy":"product_cat","embeddable":true,"href":"http:\/\/www.locacaodemaquinas.com.br\/site\/wp-json\/wp\/v2\/product_cat?post=2087"},{"taxonomy":"product_tag","embeddable":true,"href":"http:\/\/www.locacaodemaquinas.com.br\/site\/wp-json\/wp\/v2\/product_tag?post=2087"}],"curies":[{"name":"wp","href":"https:\/\/api.w.org\/{rel}","templated":true}]}}