{"id":2088,"date":"2022-06-09T17:30:01","date_gmt":"2022-06-09T20:30:01","guid":{"rendered":"http:\/\/www.locacaodemaquinas.com.br\/site\/?post_type=product&#038;p=2088"},"modified":"2022-06-20T11:09:32","modified_gmt":"2022-06-20T14:09:32","slug":"tekspray-grafite-lubrificante-seco-200ml-tekbond","status":"publish","type":"product","link":"http:\/\/www.locacaodemaquinas.com.br\/site\/loja\/venda\/lubrificacao\/tekspray-grafite-lubrificante-seco-200ml-tekbond\/","title":{"rendered":"Tekspray Grafite Lubrificante Seco 200ml  &#8211; TEKBOND"},"content":{"rendered":"<p>CARACTER\u00cdSTICAS:<br \/>\nTem a fun\u00e7\u00e3o de falicitar a aplica\u00e7\u00e3o em partes de dif\u00edcil acesso, atua como desengripante e lubrifica mecanismos em geral. Forma uma pel\u00edcula protetora.<\/p>\n<p>INSTRU\u00c7\u00d5ES DE USO:<br \/>\n1. Agite bem antes de usar.<\/p>\n<p>2. Pulverize as \u00e1reas desejadas a uma dist\u00e2ncia de aproximadamente 20 cm. Caso haja necessidade utilize o bico prolongador para locais de dif\u00edcil acesso.<\/p>\n<p>3. Desligue equipamentos energizados para fazer a aplica\u00e7\u00e3o e espere a evapora\u00e7\u00e3o do g\u00e1s para ligar o aparelho novamente.<\/p>\n","protected":false},"excerpt":{"rendered":"<p>Pode ser aplicado em canaletas de vidro, antenas, trilhos, port\u00f5es, fechaduras, cadeados. Ideal para reduzir o desgaste de m\u00e1quinas, equipamentos industriais e dom\u00e9sticos.<\/p>\n","protected":false},"featured_media":2162,"comment_status":"open","ping_status":"closed","template":"","meta":[],"product_cat":[45,520],"product_tag":[574,576,575,563],"acf":[],"_links":{"self":[{"href":"http:\/\/www.locacaodemaquinas.com.br\/site\/wp-json\/wp\/v2\/product\/2088"}],"collection":[{"href":"http:\/\/www.locacaodemaquinas.com.br\/site\/wp-json\/wp\/v2\/product"}],"about":[{"href":"http:\/\/www.locacaodemaquinas.com.br\/site\/wp-json\/wp\/v2\/types\/product"}],"replies":[{"embeddable":true,"href":"http:\/\/www.locacaodemaquinas.com.br\/site\/wp-json\/wp\/v2\/comments?post=2088"}],"wp:featuredmedia":[{"embeddable":true,"href":"http:\/\/www.locacaodemaquinas.com.br\/site\/wp-json\/wp\/v2\/media\/2162"}],"wp:attachment":[{"href":"http:\/\/www.locacaodemaquinas.com.br\/site\/wp-json\/wp\/v2\/media?parent=2088"}],"wp:term":[{"taxonomy":"product_cat","embeddable":true,"href":"http:\/\/www.locacaodemaquinas.com.br\/site\/wp-json\/wp\/v2\/product_cat?post=2088"},{"taxonomy":"product_tag","embeddable":true,"href":"http:\/\/www.locacaodemaquinas.com.br\/site\/wp-json\/wp\/v2\/product_tag?post=2088"}],"curies":[{"name":"wp","href":"https:\/\/api.w.org\/{rel}","templated":true}]}}