{"id":2089,"date":"2022-06-09T17:37:17","date_gmt":"2022-06-09T20:37:17","guid":{"rendered":"http:\/\/www.locacaodemaquinas.com.br\/site\/?post_type=product&#038;p=2089"},"modified":"2022-06-14T17:32:14","modified_gmt":"2022-06-14T20:32:14","slug":"marcador-industrial-bisnaga-amarela-carbografite","status":"publish","type":"product","link":"http:\/\/www.locacaodemaquinas.com.br\/site\/loja\/venda\/adesivos-vedantes-quimicos\/marcador-industrial-bisnaga-amarela-carbografite\/","title":{"rendered":"Marcador Industrial Bisnaga Amarela &#8211; Carbografite"},"content":{"rendered":"","protected":false},"excerpt":{"rendered":"<p>Marcador industrial base d\u2019\u00e1gua com ponta porosa.<\/p>\n<p>Retr\u00e1til e lav\u00e1vel em \u00e1gua corrente.<\/p>\n<p>Ponta de 2,0mm substitu\u00edvel.<\/p>\n<p>Marca em qualquer superf\u00edcie: Ferro, pl\u00e1stico, madeira, cer\u00e2mica, tecidos, metais, vidro, papel, granito, concreto, borracha e etc. nas cores vermelho, amarelo e branco.<\/p>\n","protected":false},"featured_media":2133,"comment_status":"open","ping_status":"closed","template":"","meta":[],"product_cat":[45,509],"product_tag":[579,578,577],"acf":[],"_links":{"self":[{"href":"http:\/\/www.locacaodemaquinas.com.br\/site\/wp-json\/wp\/v2\/product\/2089"}],"collection":[{"href":"http:\/\/www.locacaodemaquinas.com.br\/site\/wp-json\/wp\/v2\/product"}],"about":[{"href":"http:\/\/www.locacaodemaquinas.com.br\/site\/wp-json\/wp\/v2\/types\/product"}],"replies":[{"embeddable":true,"href":"http:\/\/www.locacaodemaquinas.com.br\/site\/wp-json\/wp\/v2\/comments?post=2089"}],"wp:featuredmedia":[{"embeddable":true,"href":"http:\/\/www.locacaodemaquinas.com.br\/site\/wp-json\/wp\/v2\/media\/2133"}],"wp:attachment":[{"href":"http:\/\/www.locacaodemaquinas.com.br\/site\/wp-json\/wp\/v2\/media?parent=2089"}],"wp:term":[{"taxonomy":"product_cat","embeddable":true,"href":"http:\/\/www.locacaodemaquinas.com.br\/site\/wp-json\/wp\/v2\/product_cat?post=2089"},{"taxonomy":"product_tag","embeddable":true,"href":"http:\/\/www.locacaodemaquinas.com.br\/site\/wp-json\/wp\/v2\/product_tag?post=2089"}],"curies":[{"name":"wp","href":"https:\/\/api.w.org\/{rel}","templated":true}]}}