{"id":2090,"date":"2022-06-09T17:45:07","date_gmt":"2022-06-09T20:45:07","guid":{"rendered":"http:\/\/www.locacaodemaquinas.com.br\/site\/?post_type=product&#038;p=2090"},"modified":"2022-06-14T17:22:38","modified_gmt":"2022-06-14T20:22:38","slug":"oleo-desengripante-aerossol-300ml-wd40","status":"publish","type":"product","link":"http:\/\/www.locacaodemaquinas.com.br\/site\/loja\/venda\/adesivos-vedantes-quimicos\/oleo-desengripante-aerossol-300ml-wd40\/","title":{"rendered":"\u00d3leo Desengripante Aerossol 300ml &#8211; WD40"},"content":{"rendered":"<p>WD-40\u00ae Produto Multiusos 300ml e 200g Embalagem Pr\u00e1tica tem um formato que facilita o seu manuseio. Mais fina e mais alta, \u00e9 mais f\u00e1cil de pegar! Ideal para usar em casa, no trabalho, no carro, etc. Tamb\u00e9m possui v\u00e1lvula 180\u00ba exclusiva que permite o uso com a lata de cabe\u00e7a para baixo.<\/p>\n","protected":false},"excerpt":{"rendered":"<p>Lubrificante e anticorrosivo multiuso.<\/p>\n","protected":false},"featured_media":2127,"comment_status":"open","ping_status":"closed","template":"","meta":[],"product_cat":[45,509,520],"product_tag":[576,580,581],"acf":[],"_links":{"self":[{"href":"http:\/\/www.locacaodemaquinas.com.br\/site\/wp-json\/wp\/v2\/product\/2090"}],"collection":[{"href":"http:\/\/www.locacaodemaquinas.com.br\/site\/wp-json\/wp\/v2\/product"}],"about":[{"href":"http:\/\/www.locacaodemaquinas.com.br\/site\/wp-json\/wp\/v2\/types\/product"}],"replies":[{"embeddable":true,"href":"http:\/\/www.locacaodemaquinas.com.br\/site\/wp-json\/wp\/v2\/comments?post=2090"}],"wp:featuredmedia":[{"embeddable":true,"href":"http:\/\/www.locacaodemaquinas.com.br\/site\/wp-json\/wp\/v2\/media\/2127"}],"wp:attachment":[{"href":"http:\/\/www.locacaodemaquinas.com.br\/site\/wp-json\/wp\/v2\/media?parent=2090"}],"wp:term":[{"taxonomy":"product_cat","embeddable":true,"href":"http:\/\/www.locacaodemaquinas.com.br\/site\/wp-json\/wp\/v2\/product_cat?post=2090"},{"taxonomy":"product_tag","embeddable":true,"href":"http:\/\/www.locacaodemaquinas.com.br\/site\/wp-json\/wp\/v2\/product_tag?post=2090"}],"curies":[{"name":"wp","href":"https:\/\/api.w.org\/{rel}","templated":true}]}}