{"id":2091,"date":"2022-06-09T18:01:57","date_gmt":"2022-06-09T21:01:57","guid":{"rendered":"http:\/\/www.locacaodemaquinas.com.br\/site\/?post_type=product&#038;p=2091"},"modified":"2022-06-20T15:48:06","modified_gmt":"2022-06-20T18:48:06","slug":"cola-solida-2h-100g-durepoxi","status":"publish","type":"product","link":"http:\/\/www.locacaodemaquinas.com.br\/site\/loja\/venda\/adesivos-vedantes-quimicos\/cola-solida-2h-100g-durepoxi\/","title":{"rendered":"Cola S\u00f3lida Durepoxi 2h 100g &#8211; Loctite"},"content":{"rendered":"<p>*N\u00e3o adere a materiais \u00e0 base de polietileno, polipropileno, silicone e PTFE (Politetrafluoretileno &#8211; resina antiaderente)<\/p>\n<p>Solda, molda, veda e fixa com praticidade, rapidez e seguran\u00e7a<br \/>\nExtra forte e resistente<br \/>\nEndurece at\u00e9 debaixo d&#8217;\u00e1gua<br \/>\nResultados perfeitos: acabamento final com tinta e\/ou verniz, serra ou lixa<\/p>\n","protected":false},"excerpt":{"rendered":"<p>O ep\u00f3xi mais vendido no Brasil! Loctite Durepoxi \u00e9 um produto epoxi bi componente f\u00e1cil de usar, extra forte e resistente. Solda a frio, molda, fixa, veda e reconstr\u00f3i diversos tipos de materiais com praticidade, qualidade e durabilidade. Ap\u00f3s aplica\u00e7\u00e3o, permite acabamento final com tinta e\/ou verniz, serra ou lixa. Endurece at\u00e9 de baixo d&#8217;\u00e1gua.<\/p>\n<p>Recomendado para:<br \/>\nMetal, vidro, cer\u00e2mica, cimento, m\u00e1rmore e pl\u00e1stico*.<\/p>\n","protected":false},"featured_media":2165,"comment_status":"open","ping_status":"closed","template":"","meta":[],"product_cat":[45,509],"product_tag":[562,594,595,582],"acf":[],"_links":{"self":[{"href":"http:\/\/www.locacaodemaquinas.com.br\/site\/wp-json\/wp\/v2\/product\/2091"}],"collection":[{"href":"http:\/\/www.locacaodemaquinas.com.br\/site\/wp-json\/wp\/v2\/product"}],"about":[{"href":"http:\/\/www.locacaodemaquinas.com.br\/site\/wp-json\/wp\/v2\/types\/product"}],"replies":[{"embeddable":true,"href":"http:\/\/www.locacaodemaquinas.com.br\/site\/wp-json\/wp\/v2\/comments?post=2091"}],"wp:featuredmedia":[{"embeddable":true,"href":"http:\/\/www.locacaodemaquinas.com.br\/site\/wp-json\/wp\/v2\/media\/2165"}],"wp:attachment":[{"href":"http:\/\/www.locacaodemaquinas.com.br\/site\/wp-json\/wp\/v2\/media?parent=2091"}],"wp:term":[{"taxonomy":"product_cat","embeddable":true,"href":"http:\/\/www.locacaodemaquinas.com.br\/site\/wp-json\/wp\/v2\/product_cat?post=2091"},{"taxonomy":"product_tag","embeddable":true,"href":"http:\/\/www.locacaodemaquinas.com.br\/site\/wp-json\/wp\/v2\/product_tag?post=2091"}],"curies":[{"name":"wp","href":"https:\/\/api.w.org\/{rel}","templated":true}]}}