{"id":2092,"date":"2022-06-10T10:27:23","date_gmt":"2022-06-10T13:27:23","guid":{"rendered":"http:\/\/www.locacaodemaquinas.com.br\/site\/?post_type=product&#038;p=2092"},"modified":"2022-06-20T17:56:02","modified_gmt":"2022-06-20T20:56:02","slug":"alicate-bomba-dagua-10-vise-grip-irwin","status":"publish","type":"product","link":"http:\/\/www.locacaodemaquinas.com.br\/site\/loja\/principais-marcas\/marca-irwin\/alicate-bomba-dagua-10-vise-grip-irwin\/","title":{"rendered":"Alicate Bomba d&#8217;\u00c1gua 10&#8243; Vise Grip &#8211; Irwin"},"content":{"rendered":"<p>\u2022 Dur\u00e1vel e resistente.<br \/>\n\u2022 Cabo com design de base mais larga (em rela\u00e7\u00e3o \u00e0<br \/>\ngera\u00e7\u00e3o anterior) para a redu\u00e7\u00e3o do esfor\u00e7o no aperto.<br \/>\n\u2022 Ideal para trabalhos em encanamentos, hidr\u00e1ulica e<br \/>\nmec\u00e2nica em geral, como instala\u00e7\u00e3o e coloca\u00e7\u00e3o<br \/>\nde bombas d\u2019\u00e1gua, registros e boias d\u2019\u00e1gua, aperto<br \/>\nde conectores, v\u00e1lvulas, tubula\u00e7\u00f5es e canos.<\/p>\n","protected":false},"excerpt":{"rendered":"<p>Alicate de corte diagonal<br \/>\nMaior durabilidade<br \/>\nProjetado para trabalhar em manuten\u00e7\u00f5es de hidr\u00e1ulica (tubos e conex\u00f5es)<br \/>\nFabricado em a\u00e7o cromo van\u00e1dio refor\u00e7ado<br \/>\nIsolamento duplo Cabo emborrachado para melhor manuseio<\/p>\n","protected":false},"featured_media":2163,"comment_status":"open","ping_status":"closed","template":"","meta":[],"product_cat":[342,345,45,510],"product_tag":[579,583,584,585],"acf":[],"_links":{"self":[{"href":"http:\/\/www.locacaodemaquinas.com.br\/site\/wp-json\/wp\/v2\/product\/2092"}],"collection":[{"href":"http:\/\/www.locacaodemaquinas.com.br\/site\/wp-json\/wp\/v2\/product"}],"about":[{"href":"http:\/\/www.locacaodemaquinas.com.br\/site\/wp-json\/wp\/v2\/types\/product"}],"replies":[{"embeddable":true,"href":"http:\/\/www.locacaodemaquinas.com.br\/site\/wp-json\/wp\/v2\/comments?post=2092"}],"wp:featuredmedia":[{"embeddable":true,"href":"http:\/\/www.locacaodemaquinas.com.br\/site\/wp-json\/wp\/v2\/media\/2163"}],"wp:attachment":[{"href":"http:\/\/www.locacaodemaquinas.com.br\/site\/wp-json\/wp\/v2\/media?parent=2092"}],"wp:term":[{"taxonomy":"product_cat","embeddable":true,"href":"http:\/\/www.locacaodemaquinas.com.br\/site\/wp-json\/wp\/v2\/product_cat?post=2092"},{"taxonomy":"product_tag","embeddable":true,"href":"http:\/\/www.locacaodemaquinas.com.br\/site\/wp-json\/wp\/v2\/product_tag?post=2092"}],"curies":[{"name":"wp","href":"https:\/\/api.w.org\/{rel}","templated":true}]}}