{"id":2094,"date":"2022-06-10T10:58:21","date_gmt":"2022-06-10T13:58:21","guid":{"rendered":"http:\/\/www.locacaodemaquinas.com.br\/site\/?post_type=product&#038;p=2094"},"modified":"2022-06-20T10:59:51","modified_gmt":"2022-06-20T13:59:51","slug":"bomba-submersa-80-110v-nogueira-bombas","status":"publish","type":"product","link":"http:\/\/www.locacaodemaquinas.com.br\/site\/loja\/venda\/bombas\/bomba-submersa-80-110v-nogueira-bombas\/","title":{"rendered":"Bomba Submersa 8,0 110V ou 220V &#8211; Nogueira Bombas"},"content":{"rendered":"<p>&#8211; Modo de Instala\u00e7\u00e3o:<\/p>\n<p>Certifique de que a voltagem est\u00e1 de acordo com a indicada na bomba<br \/>\nUse mangueira polietileno parede m\u00ednima 2 mm di\u00e2metro de 3\/4&#8243; de acordo com a sa\u00edda<br \/>\nUtilize o kit de instala\u00e7\u00e3o de que vai acompanhada a Bomba<br \/>\nD\u00ea prefer\u00eancia que a emenda fique fora da \u00e1gua ou use fita isolante de auto fus\u00e3o<br \/>\nMantenha dist\u00e2ncia m\u00ednima de 40 cm do fundo mantendo a bomba centralizada em rela\u00e7\u00e3o \u00e0s paredes do mesmo<\/p>\n","protected":false},"excerpt":{"rendered":"<p>Bomba para uso em cisternas e po\u00e7os caipiras, com alta qualidade e \u00f3tima performance.<\/p>\n","protected":false},"featured_media":2160,"comment_status":"open","ping_status":"closed","template":"","meta":[],"product_cat":[45,510],"product_tag":[584,588,589],"acf":[],"_links":{"self":[{"href":"http:\/\/www.locacaodemaquinas.com.br\/site\/wp-json\/wp\/v2\/product\/2094"}],"collection":[{"href":"http:\/\/www.locacaodemaquinas.com.br\/site\/wp-json\/wp\/v2\/product"}],"about":[{"href":"http:\/\/www.locacaodemaquinas.com.br\/site\/wp-json\/wp\/v2\/types\/product"}],"replies":[{"embeddable":true,"href":"http:\/\/www.locacaodemaquinas.com.br\/site\/wp-json\/wp\/v2\/comments?post=2094"}],"wp:featuredmedia":[{"embeddable":true,"href":"http:\/\/www.locacaodemaquinas.com.br\/site\/wp-json\/wp\/v2\/media\/2160"}],"wp:attachment":[{"href":"http:\/\/www.locacaodemaquinas.com.br\/site\/wp-json\/wp\/v2\/media?parent=2094"}],"wp:term":[{"taxonomy":"product_cat","embeddable":true,"href":"http:\/\/www.locacaodemaquinas.com.br\/site\/wp-json\/wp\/v2\/product_cat?post=2094"},{"taxonomy":"product_tag","embeddable":true,"href":"http:\/\/www.locacaodemaquinas.com.br\/site\/wp-json\/wp\/v2\/product_tag?post=2094"}],"curies":[{"name":"wp","href":"https:\/\/api.w.org\/{rel}","templated":true}]}}