{"id":2169,"date":"2022-06-20T17:13:13","date_gmt":"2022-06-20T20:13:13","guid":{"rendered":"http:\/\/www.locacaodemaquinas.com.br\/site\/?post_type=product&#038;p=2169"},"modified":"2022-06-20T17:14:36","modified_gmt":"2022-06-20T20:14:36","slug":"motobomba-auto-escorvante-1-a-gasolina-4t-wx10-honda","status":"publish","type":"product","link":"http:\/\/www.locacaodemaquinas.com.br\/site\/loja\/locacao\/bomba\/motobomba\/motobomba-auto-escorvante-1-a-gasolina-4t-wx10-honda\/","title":{"rendered":"Motobomba Auto-Escorvante 1&#8243; \u00e0 Gasolina 4T WX10 &#8211; Honda"},"content":{"rendered":"<p><strong>Principais Caracter\u00edsticas<\/strong><\/p>\n<ul>\n<li>Di\u00e2metro de suc\u00e7\u00e3o e recalque de 1\u201d<\/li>\n<li>Corpo da bomba de alum\u00ednio usinado garante engates precisos<\/li>\n<li>Motor 4 tempos garante maior autonomia de trabalho<\/li>\n<li>F\u00e1cil acionamento em qualquer temperatura, permite uso cont\u00ednuo<\/li>\n<\/ul>\n","protected":false},"excerpt":{"rendered":"<p>Principais Caracter\u00edsticas Di\u00e2metro de suc\u00e7\u00e3o e recalque de 1\u201d Corpo da bomba de alum\u00ednio usinado garante engates precisos Motor 4 tempos garante maior autonomia de trabalho F\u00e1cil acionamento em qualquer temperatura, permite uso cont\u00ednuo<\/p>\n","protected":false},"featured_media":2170,"comment_status":"open","ping_status":"closed","template":"","meta":[],"product_cat":[44,155,156],"product_tag":[584,266,593,592],"acf":[],"_links":{"self":[{"href":"http:\/\/www.locacaodemaquinas.com.br\/site\/wp-json\/wp\/v2\/product\/2169"}],"collection":[{"href":"http:\/\/www.locacaodemaquinas.com.br\/site\/wp-json\/wp\/v2\/product"}],"about":[{"href":"http:\/\/www.locacaodemaquinas.com.br\/site\/wp-json\/wp\/v2\/types\/product"}],"replies":[{"embeddable":true,"href":"http:\/\/www.locacaodemaquinas.com.br\/site\/wp-json\/wp\/v2\/comments?post=2169"}],"wp:featuredmedia":[{"embeddable":true,"href":"http:\/\/www.locacaodemaquinas.com.br\/site\/wp-json\/wp\/v2\/media\/2170"}],"wp:attachment":[{"href":"http:\/\/www.locacaodemaquinas.com.br\/site\/wp-json\/wp\/v2\/media?parent=2169"}],"wp:term":[{"taxonomy":"product_cat","embeddable":true,"href":"http:\/\/www.locacaodemaquinas.com.br\/site\/wp-json\/wp\/v2\/product_cat?post=2169"},{"taxonomy":"product_tag","embeddable":true,"href":"http:\/\/www.locacaodemaquinas.com.br\/site\/wp-json\/wp\/v2\/product_tag?post=2169"}],"curies":[{"name":"wp","href":"https:\/\/api.w.org\/{rel}","templated":true}]}}