{"id":2174,"date":"2022-06-20T17:43:58","date_gmt":"2022-06-20T20:43:58","guid":{"rendered":"http:\/\/www.locacaodemaquinas.com.br\/site\/?post_type=product&#038;p=2174"},"modified":"2022-06-20T17:54:14","modified_gmt":"2022-06-20T20:54:14","slug":"motobomba-auto-escorvante-3-a-gasolina-4t-wb30-honda","status":"publish","type":"product","link":"http:\/\/www.locacaodemaquinas.com.br\/site\/loja\/locacao\/bomba\/motobomba\/motobomba-auto-escorvante-3-a-gasolina-4t-wb30-honda\/","title":{"rendered":"Motobomba Auto-Escorvante 3&#8243; \u00e0 Gasolina 4T WB30 &#8211; Honda"},"content":{"rendered":"<p><strong>Principais Caracter\u00edsticas<\/strong><\/p>\n<ul>\n<li>Di\u00e2metro de suc\u00e7\u00e3o e recalque de 3\u201d<\/li>\n<li>Corpo da bomba de alum\u00ednio usinado garante engates precisos<\/li>\n<li>Motor 4 tempos garante maior autonomia de trabalho<\/li>\n<li class=\"feature-item-icon\">\n<div class=\"feature-text\">Coxins de borracha garantem menos vibra\u00e7\u00e3o<\/div>\n<\/li>\n<li class=\"feature-item-icon\">\n<div class=\"feature-text\">F\u00e1cil acionamento em qualquer temperatura<\/div>\n<\/li>\n<\/ul>\n","protected":false},"excerpt":{"rendered":"<p>Utilizadas na transfer\u00eancia de grande volume de \u00e1gua, principalmente em locais de dif\u00edcil acesso e sem disponibilidade de energia el\u00e9trica, as motobombas Honda oferecem alta vaz\u00e3o, durabilidade, praticidade e baixo n\u00edvel de vibra\u00e7\u00e3o.<\/p>\n<p>As Motobombas Honda aliam leveza, portabilidade e autonomia como voc\u00ea nunca viu, com a qualidade que s\u00f3 uma Honda tem. Gra\u00e7as \u00e0 tecnologia dos motores 4 Tempos, as Motobombas Honda d\u00e3o uma resposta r\u00e1pida para suas necessidades, com pot\u00eancia e economia. S\u00e3o utilizadas para a transfer\u00eancia de grandes volumes de \u00e1gua, o que inclui o abastecimento de caminh\u00f5es-pipa e caixas d\u00e1gua at\u00e9 encher e esvaziar piscinas, principalmente em locais de dif\u00edcil acesso e sem disponibilidade de energia el\u00e9trica. Foram projetadas especialmente para a utiliza\u00e7\u00e3o di\u00e1ria.<\/p>\n","protected":false},"featured_media":2184,"comment_status":"open","ping_status":"closed","template":"","meta":[],"product_cat":[44,155,156],"product_tag":[584,266,593,592],"acf":[],"_links":{"self":[{"href":"http:\/\/www.locacaodemaquinas.com.br\/site\/wp-json\/wp\/v2\/product\/2174"}],"collection":[{"href":"http:\/\/www.locacaodemaquinas.com.br\/site\/wp-json\/wp\/v2\/product"}],"about":[{"href":"http:\/\/www.locacaodemaquinas.com.br\/site\/wp-json\/wp\/v2\/types\/product"}],"replies":[{"embeddable":true,"href":"http:\/\/www.locacaodemaquinas.com.br\/site\/wp-json\/wp\/v2\/comments?post=2174"}],"wp:featuredmedia":[{"embeddable":true,"href":"http:\/\/www.locacaodemaquinas.com.br\/site\/wp-json\/wp\/v2\/media\/2184"}],"wp:attachment":[{"href":"http:\/\/www.locacaodemaquinas.com.br\/site\/wp-json\/wp\/v2\/media?parent=2174"}],"wp:term":[{"taxonomy":"product_cat","embeddable":true,"href":"http:\/\/www.locacaodemaquinas.com.br\/site\/wp-json\/wp\/v2\/product_cat?post=2174"},{"taxonomy":"product_tag","embeddable":true,"href":"http:\/\/www.locacaodemaquinas.com.br\/site\/wp-json\/wp\/v2\/product_tag?post=2174"}],"curies":[{"name":"wp","href":"https:\/\/api.w.org\/{rel}","templated":true}]}}