{"id":219,"date":"2018-01-10T15:59:20","date_gmt":"2018-01-10T15:59:20","guid":{"rendered":"https:\/\/promenadethemes.com\/demo\/ecommerce-gem\/?post_type=product&#038;p=124"},"modified":"2024-10-02T15:39:37","modified_gmt":"2024-10-02T18:39:37","slug":"jeans-jacket","status":"publish","type":"product","link":"http:\/\/www.locacaodemaquinas.com.br\/site\/loja\/principais-marcas\/jeans-jacket\/","title":{"rendered":"Furadeira de Impacto 5\/8&#8221; (16 mm) 2 Velocidades Vari\u00e1veis e Revers\u00edveis"},"content":{"rendered":"<h2 class=\"feat-spec\">CARACTER\u00cdSTICAS E ESPECIFICA\u00c7\u00d5ES<\/h2>\n<div id=\"features\" class=\"ork-product-features\">\n<h3>CARACTER\u00cdSTICAS<\/h3>\n<ul>\n<li>Pot\u00eancia 1.300 W<\/li>\n<li>Velocidade sem Carga: 0-1.200 \/ 0-3.500 RPM<\/li>\n<li>Impactos por Minuto: 0-19.200 \/ 0-56.000 IPM<\/li>\n<li>Mandril 5\/8&#8243; (16 mm)<\/li>\n<li>Fun\u00e7\u00e3o (Modo) Furadeira com Impacto<\/li>\n<li>2 Velocidades Mec\u00e2nicas<\/li>\n<li>Capacidade Madeira: \u00d8 40 mm<\/li>\n<li>Capacidade A\u00e7o: \u00d8 16 mm<\/li>\n<li>Capacidade Alvenaria: \u00d8 20 mm<\/li>\n<li>Peso: 3 Kg<\/li>\n<\/ul>\n<\/div>\n<div id=\"applications\" class=\"ork-product-applications\">\n<h3>APLICA\u00c7\u00d5ES<\/h3>\n<ul>\n<li>Perfura\u00e7\u00f5es em alvenaria, madeiras, metais e pl\u00e1sticos.<\/li>\n<\/ul>\n<\/div>\n<div id=\"includes\" class=\"ork-product-includes\">\n<h3>INCLUI<\/h3>\n<ul>\n<li>1 Empunhadura lateral<\/li>\n<li>1 Limitador de profundidade<\/li>\n<li>1 Cinta porta chave de mandril<\/li>\n<li>1 Chave de mandril<\/li>\n<li>1 Maleta<\/li>\n<\/ul>\n<\/div>\n","protected":false},"excerpt":{"rendered":"<h2 class=\"ork-display-name\">FURADEIRA DE IMPACTO 5\/8&#8221; (16 MM) 2 VELOCIDADES VARI\u00c1VEIS E REVERS\u00cdVEIS<\/h2>\n","protected":false},"featured_media":258,"comment_status":"open","ping_status":"closed","template":"","meta":[],"product_cat":[342],"product_tag":[19,20,21],"acf":[],"_links":{"self":[{"href":"http:\/\/www.locacaodemaquinas.com.br\/site\/wp-json\/wp\/v2\/product\/219"}],"collection":[{"href":"http:\/\/www.locacaodemaquinas.com.br\/site\/wp-json\/wp\/v2\/product"}],"about":[{"href":"http:\/\/www.locacaodemaquinas.com.br\/site\/wp-json\/wp\/v2\/types\/product"}],"replies":[{"embeddable":true,"href":"http:\/\/www.locacaodemaquinas.com.br\/site\/wp-json\/wp\/v2\/comments?post=219"}],"wp:featuredmedia":[{"embeddable":true,"href":"http:\/\/www.locacaodemaquinas.com.br\/site\/wp-json\/wp\/v2\/media\/258"}],"wp:attachment":[{"href":"http:\/\/www.locacaodemaquinas.com.br\/site\/wp-json\/wp\/v2\/media?parent=219"}],"wp:term":[{"taxonomy":"product_cat","embeddable":true,"href":"http:\/\/www.locacaodemaquinas.com.br\/site\/wp-json\/wp\/v2\/product_cat?post=219"},{"taxonomy":"product_tag","embeddable":true,"href":"http:\/\/www.locacaodemaquinas.com.br\/site\/wp-json\/wp\/v2\/product_tag?post=219"}],"curies":[{"name":"wp","href":"https:\/\/api.w.org\/{rel}","templated":true}]}}